{"id":3437,"date":"2021-05-11T14:46:45","date_gmt":"2021-05-11T12:46:45","guid":{"rendered":"https:\/\/kanotkungen.se\/produkt\/boka-paddling\/"},"modified":"2024-02-24T16:35:53","modified_gmt":"2024-02-24T15:35:53","slug":"boka-paddling","status":"publish","type":"product","link":"https:\/\/dev.kanotkungen.se\/en\/produkt\/boka-paddling\/","title":{"rendered":"Book paddling"},"content":{"rendered":"<p>Welcome to book your next paddling experience with Kanotkungen, where we offer a wide range of canoes, kayaks, and Canadian canoes. Explore S\u00f6rmlandsleden, from Kanotleden \u00c5kers Styckebruk to Vagnh\u00e4rad, further to Trosa and the Baltic Sea. We offer everything from day trips to 2-4 day tours.<\/p>\n<p>With our booking system, it&#8217;s easy to plan and book your next excursion, whether you&#8217;re traveling alone, with family, or as a group from schools, associations, or companies. Discover the beauty of nature from a new perspective with our paddling options.<\/p>\n<p><strong>Here&#8217;s what you need to know:<br \/>\n<\/strong>Life Jackets for Everyone We offer life jackets for all sizes and needs. From 3 kilos and up, as well as life jackets for our four-legged friends &#8211; small and large dogs. Safety and comfort are our top priorities, whether you are a beginner or an experienced paddler.<\/p>\n<p><strong>Flexible Paddling Options<\/strong><br \/>\nChoose between a day trip or several days on the water and create your own itinerary. You decide where your paddling journey ends, giving you the freedom to explore and enjoy beautiful views along the way. For a comfortable overnight stay nearby, check out our recommended accommodations <a href=\"https:\/\/dev.kanotkungen.se\/en\/boende-i-narheten\/\">click here.<\/a> Upon arrival, practical additions such as free parking, toilets are available to make your stay as comfortable as possible.<\/p>\n<p><strong>Special Requests?<\/strong><br \/>\nWe Listen! For special requests or needs beyond our standard packages, or if you are planning an excursion for families with children, please contact us directly.<\/p>\n<p><strong>Explore Our Equipment<\/strong><br \/>\nFor a closer look at the equipment we offer, <a href=\"https:\/\/dev.kanotkungen.se\/en\/utrustning\/\">click here<\/a> to read more about our canoes, kayaks, and Canadian canoes as well as other paddling equipment.<\/p>\n<p>Book Now and Create Memories for Life<\/p>\n<p>Welcome to book your paddling trip with Canoe King. Create memories for life and experience the beauty of nature from a new perspective. We look forward to welcoming you to a day full of adventure on the water!<\/p>\n","protected":false},"excerpt":{"rendered":"<p>Welcome to book your next paddling experience with Kanotkungen, where we offer a wide range of canoes, kayaks, and Canadian canoes. Explore S\u00f6rmlandsleden, from Kanotleden \u00c5kers Styckebruk to Vagnh\u00e4rad, further to Trosa and the Baltic Sea. We offer everything from day trips to 2-4 day tours. With our booking system, it&#8217;s easy to plan and [&hellip;]<\/p>\n","protected":false},"featured_media":0,"comment_status":"closed","ping_status":"closed","template":"","meta":{"_acf_changed":false,"_glsr_average":0,"_glsr_ranking":0,"_glsr_reviews":0},"product_cat":[43],"product_tag":[],"acf":[],"yoast_head":"<!-- This site is optimized with the Yoast SEO plugin v23.2 - https:\/\/yoast.com\/wordpress\/plugins\/seo\/ -->\n<title>Book paddling - Kanotkungen<\/title>\n<meta name=\"robots\" content=\"index, follow, max-snippet:-1, max-image-preview:large, max-video-preview:-1\" \/>\n<link rel=\"canonical\" href=\"https:\/\/dev.kanotkungen.se\/en\/produkt\/boka-paddling\/\" \/>\n<meta property=\"og:locale\" content=\"en_US\" \/>\n<meta property=\"og:type\" content=\"article\" \/>\n<meta property=\"og:title\" content=\"Book paddling - Kanotkungen\" \/>\n<meta property=\"og:description\" content=\"Welcome to book your next paddling experience with Kanotkungen, where we offer a wide range of canoes, kayaks, and Canadian canoes. Explore S\u00f6rmlandsleden, from Kanotleden \u00c5kers Styckebruk to Vagnh\u00e4rad, further to Trosa and the Baltic Sea. We offer everything from day trips to 2-4 day tours. With our booking system, it&#8217;s easy to plan and [&hellip;]\" \/>\n<meta property=\"og:url\" content=\"https:\/\/dev.kanotkungen.se\/en\/produkt\/boka-paddling\/\" \/>\n<meta property=\"og:site_name\" content=\"Kanotkungen\" \/>\n<meta property=\"article:modified_time\" content=\"2024-02-24T15:35:53+00:00\" \/>\n<meta name=\"twitter:card\" content=\"summary_large_image\" \/>\n<meta name=\"twitter:label1\" content=\"Est. reading time\" \/>\n\t<meta name=\"twitter:data1\" content=\"2 minutes\" \/>\n<script type=\"application\/ld+json\" class=\"yoast-schema-graph\">{\"@context\":\"https:\/\/schema.org\",\"@graph\":[{\"@type\":\"WebPage\",\"@id\":\"https:\/\/dev.kanotkungen.se\/en\/produkt\/boka-paddling\/\",\"url\":\"https:\/\/dev.kanotkungen.se\/en\/produkt\/boka-paddling\/\",\"name\":\"Book paddling - Kanotkungen\",\"isPartOf\":{\"@id\":\"https:\/\/dev.kanotkungen.se\/#website\"},\"datePublished\":\"2021-05-11T12:46:45+00:00\",\"dateModified\":\"2024-02-24T15:35:53+00:00\",\"breadcrumb\":{\"@id\":\"https:\/\/dev.kanotkungen.se\/en\/produkt\/boka-paddling\/#breadcrumb\"},\"inLanguage\":\"en-US\",\"potentialAction\":[{\"@type\":\"ReadAction\",\"target\":[\"https:\/\/dev.kanotkungen.se\/en\/produkt\/boka-paddling\/\"]}]},{\"@type\":\"BreadcrumbList\",\"@id\":\"https:\/\/dev.kanotkungen.se\/en\/produkt\/boka-paddling\/#breadcrumb\",\"itemListElement\":[{\"@type\":\"ListItem\",\"position\":1,\"name\":\"Home\",\"item\":\"https:\/\/dev.kanotkungen.se\/en\/\"},{\"@type\":\"ListItem\",\"position\":2,\"name\":\"Producten\",\"item\":\"https:\/\/dev.kanotkungen.se\/nl\/shop\/\"},{\"@type\":\"ListItem\",\"position\":3,\"name\":\"Book paddling\"}]},{\"@type\":\"WebSite\",\"@id\":\"https:\/\/dev.kanotkungen.se\/#website\",\"url\":\"https:\/\/dev.kanotkungen.se\/\",\"name\":\"Kanotkungen\",\"description\":\"\u00c4ventyret b\u00f6rjar\",\"potentialAction\":[{\"@type\":\"SearchAction\",\"target\":{\"@type\":\"EntryPoint\",\"urlTemplate\":\"https:\/\/dev.kanotkungen.se\/?s={search_term_string}\"},\"query-input\":\"required name=search_term_string\"}],\"inLanguage\":\"en-US\"}]}<\/script>\n<!-- \/ Yoast SEO plugin. -->","yoast_head_json":{"title":"Book paddling - Kanotkungen","robots":{"index":"index","follow":"follow","max-snippet":"max-snippet:-1","max-image-preview":"max-image-preview:large","max-video-preview":"max-video-preview:-1"},"canonical":"https:\/\/dev.kanotkungen.se\/en\/produkt\/boka-paddling\/","og_locale":"en_US","og_type":"article","og_title":"Book paddling - Kanotkungen","og_description":"Welcome to book your next paddling experience with Kanotkungen, where we offer a wide range of canoes, kayaks, and Canadian canoes. Explore S\u00f6rmlandsleden, from Kanotleden \u00c5kers Styckebruk to Vagnh\u00e4rad, further to Trosa and the Baltic Sea. We offer everything from day trips to 2-4 day tours. With our booking system, it&#8217;s easy to plan and [&hellip;]","og_url":"https:\/\/dev.kanotkungen.se\/en\/produkt\/boka-paddling\/","og_site_name":"Kanotkungen","article_modified_time":"2024-02-24T15:35:53+00:00","twitter_card":"summary_large_image","twitter_misc":{"Est. reading time":"2 minutes"},"schema":{"@context":"https:\/\/schema.org","@graph":[{"@type":"WebPage","@id":"https:\/\/dev.kanotkungen.se\/en\/produkt\/boka-paddling\/","url":"https:\/\/dev.kanotkungen.se\/en\/produkt\/boka-paddling\/","name":"Book paddling - Kanotkungen","isPartOf":{"@id":"https:\/\/dev.kanotkungen.se\/#website"},"datePublished":"2021-05-11T12:46:45+00:00","dateModified":"2024-02-24T15:35:53+00:00","breadcrumb":{"@id":"https:\/\/dev.kanotkungen.se\/en\/produkt\/boka-paddling\/#breadcrumb"},"inLanguage":"en-US","potentialAction":[{"@type":"ReadAction","target":["https:\/\/dev.kanotkungen.se\/en\/produkt\/boka-paddling\/"]}]},{"@type":"BreadcrumbList","@id":"https:\/\/dev.kanotkungen.se\/en\/produkt\/boka-paddling\/#breadcrumb","itemListElement":[{"@type":"ListItem","position":1,"name":"Home","item":"https:\/\/dev.kanotkungen.se\/en\/"},{"@type":"ListItem","position":2,"name":"Producten","item":"https:\/\/dev.kanotkungen.se\/nl\/shop\/"},{"@type":"ListItem","position":3,"name":"Book paddling"}]},{"@type":"WebSite","@id":"https:\/\/dev.kanotkungen.se\/#website","url":"https:\/\/dev.kanotkungen.se\/","name":"Kanotkungen","description":"\u00c4ventyret b\u00f6rjar","potentialAction":[{"@type":"SearchAction","target":{"@type":"EntryPoint","urlTemplate":"https:\/\/dev.kanotkungen.se\/?s={search_term_string}"},"query-input":"required name=search_term_string"}],"inLanguage":"en-US"}]}},"_links":{"self":[{"href":"https:\/\/dev.kanotkungen.se\/en\/wp-json\/wp\/v2\/product\/3437"}],"collection":[{"href":"https:\/\/dev.kanotkungen.se\/en\/wp-json\/wp\/v2\/product"}],"about":[{"href":"https:\/\/dev.kanotkungen.se\/en\/wp-json\/wp\/v2\/types\/product"}],"replies":[{"embeddable":true,"href":"https:\/\/dev.kanotkungen.se\/en\/wp-json\/wp\/v2\/comments?post=3437"}],"wp:attachment":[{"href":"https:\/\/dev.kanotkungen.se\/en\/wp-json\/wp\/v2\/media?parent=3437"}],"wp:term":[{"taxonomy":"product_cat","embeddable":true,"href":"https:\/\/dev.kanotkungen.se\/en\/wp-json\/wp\/v2\/product_cat?post=3437"},{"taxonomy":"product_tag","embeddable":true,"href":"https:\/\/dev.kanotkungen.se\/en\/wp-json\/wp\/v2\/product_tag?post=3437"}],"curies":[{"name":"wp","href":"https:\/\/api.w.org\/{rel}","templated":true}]}}