{"id":3611,"date":"2022-03-25T13:12:30","date_gmt":"2022-03-25T12:12:30","guid":{"rendered":"https:\/\/kanotkungen.se\/?page_id=3611"},"modified":"2023-02-08T09:37:53","modified_gmt":"2023-02-08T08:37:53","slug":"3611-2","status":"publish","type":"page","link":"https:\/\/dev.kanotkungen.se\/en\/3611-2\/","title":{"rendered":"BOOK PADDLING"},"content":{"rendered":"<p><span style=\"font-weight: 400;\">Mit den Buchungsoptionen k\u00f6nnen Sie ganz einfach Ihr eigenes Erlebnis gestalten.\u00a0<\/span><span style=\"font-weight: 400;\">Schwimmwesten sind ab 3 Kilo erh\u00e4ltlich und es gibt auch Schwimmwesten f\u00fcr gro\u00dfe und kleine Hunde.\u00a0<\/span><span style=\"font-weight: 400;\">Sie k\u00f6nnen w\u00e4hlen, ob Sie einen Tag oder mehrere Tage paddeln m\u00f6chten, und Sie k\u00f6nnen entscheiden, wo Sie Ihre Reise beenden.<\/span><\/p>\n<p><span style=\"font-weight: 400;\">Andere Anfragen zus\u00e4tzlich zu den Paketen und Familien mit Kindern wenden Sie sich bitte an mich.<\/span><\/p>\n<p><span style=\"font-weight: 400;\">Klicken Sie hier, um mehr \u00fcber unsere Ausr\u00fcstung zu erfahren<\/span><\/p>\n<p><span style=\"font-weight: 400;\">Willkommen zu buchen.<\/span><\/p>\n<p>&nbsp;<\/p>\n","protected":false},"excerpt":{"rendered":"<p>Mit den Buchungsoptionen k\u00f6nnen Sie ganz einfach Ihr eigenes Erlebnis gestalten.\u00a0Schwimmwesten sind ab 3 Kilo erh\u00e4ltlich und es gibt auch Schwimmwesten f\u00fcr gro\u00dfe und kleine Hunde.\u00a0Sie k\u00f6nnen w\u00e4hlen, ob Sie einen Tag oder mehrere Tage paddeln m\u00f6chten, und Sie k\u00f6nnen entscheiden, wo Sie Ihre Reise beenden. Andere Anfragen zus\u00e4tzlich zu den Paketen und Familien mit [&hellip;]<\/p>\n","protected":false},"author":2,"featured_media":0,"parent":0,"menu_order":0,"comment_status":"closed","ping_status":"closed","template":"page-templates\/bakgrundsbilder.php","meta":{"_acf_changed":false,"_glsr_average":0,"_glsr_ranking":0,"_glsr_reviews":0,"footnotes":""},"acf":[],"yoast_head":"<!-- This site is optimized with the Yoast SEO plugin v23.2 - https:\/\/yoast.com\/wordpress\/plugins\/seo\/ -->\n<title>BOOK PADDLING - Kanotkungen<\/title>\n<meta name=\"robots\" content=\"index, follow, max-snippet:-1, max-image-preview:large, max-video-preview:-1\" \/>\n<link rel=\"canonical\" href=\"https:\/\/dev.kanotkungen.se\/en\/3611-2\/\" \/>\n<meta property=\"og:locale\" content=\"en_US\" \/>\n<meta property=\"og:type\" content=\"article\" \/>\n<meta property=\"og:title\" content=\"BOOK PADDLING - Kanotkungen\" \/>\n<meta property=\"og:description\" content=\"Mit den Buchungsoptionen k\u00f6nnen Sie ganz einfach Ihr eigenes Erlebnis gestalten.\u00a0Schwimmwesten sind ab 3 Kilo erh\u00e4ltlich und es gibt auch Schwimmwesten f\u00fcr gro\u00dfe und kleine Hunde.\u00a0Sie k\u00f6nnen w\u00e4hlen, ob Sie einen Tag oder mehrere Tage paddeln m\u00f6chten, und Sie k\u00f6nnen entscheiden, wo Sie Ihre Reise beenden. Andere Anfragen zus\u00e4tzlich zu den Paketen und Familien mit [&hellip;]\" \/>\n<meta property=\"og:url\" content=\"https:\/\/dev.kanotkungen.se\/en\/3611-2\/\" \/>\n<meta property=\"og:site_name\" content=\"Kanotkungen\" \/>\n<meta property=\"article:modified_time\" content=\"2023-02-08T08:37:53+00:00\" \/>\n<meta name=\"twitter:card\" content=\"summary_large_image\" \/>\n<meta name=\"twitter:label1\" content=\"Est. reading time\" \/>\n\t<meta name=\"twitter:data1\" content=\"1 minute\" \/>\n<script type=\"application\/ld+json\" class=\"yoast-schema-graph\">{\"@context\":\"https:\/\/schema.org\",\"@graph\":[{\"@type\":\"WebPage\",\"@id\":\"https:\/\/dev.kanotkungen.se\/en\/3611-2\/\",\"url\":\"https:\/\/dev.kanotkungen.se\/en\/3611-2\/\",\"name\":\"BOOK PADDLING - Kanotkungen\",\"isPartOf\":{\"@id\":\"https:\/\/dev.kanotkungen.se\/#website\"},\"datePublished\":\"2022-03-25T12:12:30+00:00\",\"dateModified\":\"2023-02-08T08:37:53+00:00\",\"breadcrumb\":{\"@id\":\"https:\/\/dev.kanotkungen.se\/en\/3611-2\/#breadcrumb\"},\"inLanguage\":\"en-US\",\"potentialAction\":[{\"@type\":\"ReadAction\",\"target\":[\"https:\/\/dev.kanotkungen.se\/en\/3611-2\/\"]}]},{\"@type\":\"BreadcrumbList\",\"@id\":\"https:\/\/dev.kanotkungen.se\/en\/3611-2\/#breadcrumb\",\"itemListElement\":[{\"@type\":\"ListItem\",\"position\":1,\"name\":\"Home\",\"item\":\"https:\/\/dev.kanotkungen.se\/en\/\"},{\"@type\":\"ListItem\",\"position\":2,\"name\":\"BOOK PADDLING\"}]},{\"@type\":\"WebSite\",\"@id\":\"https:\/\/dev.kanotkungen.se\/#website\",\"url\":\"https:\/\/dev.kanotkungen.se\/\",\"name\":\"Kanotkungen\",\"description\":\"\u00c4ventyret b\u00f6rjar\",\"potentialAction\":[{\"@type\":\"SearchAction\",\"target\":{\"@type\":\"EntryPoint\",\"urlTemplate\":\"https:\/\/dev.kanotkungen.se\/?s={search_term_string}\"},\"query-input\":\"required name=search_term_string\"}],\"inLanguage\":\"en-US\"}]}<\/script>\n<!-- \/ Yoast SEO plugin. -->","yoast_head_json":{"title":"BOOK PADDLING - Kanotkungen","robots":{"index":"index","follow":"follow","max-snippet":"max-snippet:-1","max-image-preview":"max-image-preview:large","max-video-preview":"max-video-preview:-1"},"canonical":"https:\/\/dev.kanotkungen.se\/en\/3611-2\/","og_locale":"en_US","og_type":"article","og_title":"BOOK PADDLING - Kanotkungen","og_description":"Mit den Buchungsoptionen k\u00f6nnen Sie ganz einfach Ihr eigenes Erlebnis gestalten.\u00a0Schwimmwesten sind ab 3 Kilo erh\u00e4ltlich und es gibt auch Schwimmwesten f\u00fcr gro\u00dfe und kleine Hunde.\u00a0Sie k\u00f6nnen w\u00e4hlen, ob Sie einen Tag oder mehrere Tage paddeln m\u00f6chten, und Sie k\u00f6nnen entscheiden, wo Sie Ihre Reise beenden. Andere Anfragen zus\u00e4tzlich zu den Paketen und Familien mit [&hellip;]","og_url":"https:\/\/dev.kanotkungen.se\/en\/3611-2\/","og_site_name":"Kanotkungen","article_modified_time":"2023-02-08T08:37:53+00:00","twitter_card":"summary_large_image","twitter_misc":{"Est. reading time":"1 minute"},"schema":{"@context":"https:\/\/schema.org","@graph":[{"@type":"WebPage","@id":"https:\/\/dev.kanotkungen.se\/en\/3611-2\/","url":"https:\/\/dev.kanotkungen.se\/en\/3611-2\/","name":"BOOK PADDLING - Kanotkungen","isPartOf":{"@id":"https:\/\/dev.kanotkungen.se\/#website"},"datePublished":"2022-03-25T12:12:30+00:00","dateModified":"2023-02-08T08:37:53+00:00","breadcrumb":{"@id":"https:\/\/dev.kanotkungen.se\/en\/3611-2\/#breadcrumb"},"inLanguage":"en-US","potentialAction":[{"@type":"ReadAction","target":["https:\/\/dev.kanotkungen.se\/en\/3611-2\/"]}]},{"@type":"BreadcrumbList","@id":"https:\/\/dev.kanotkungen.se\/en\/3611-2\/#breadcrumb","itemListElement":[{"@type":"ListItem","position":1,"name":"Home","item":"https:\/\/dev.kanotkungen.se\/en\/"},{"@type":"ListItem","position":2,"name":"BOOK PADDLING"}]},{"@type":"WebSite","@id":"https:\/\/dev.kanotkungen.se\/#website","url":"https:\/\/dev.kanotkungen.se\/","name":"Kanotkungen","description":"\u00c4ventyret b\u00f6rjar","potentialAction":[{"@type":"SearchAction","target":{"@type":"EntryPoint","urlTemplate":"https:\/\/dev.kanotkungen.se\/?s={search_term_string}"},"query-input":"required name=search_term_string"}],"inLanguage":"en-US"}]}},"_links":{"self":[{"href":"https:\/\/dev.kanotkungen.se\/en\/wp-json\/wp\/v2\/pages\/3611"}],"collection":[{"href":"https:\/\/dev.kanotkungen.se\/en\/wp-json\/wp\/v2\/pages"}],"about":[{"href":"https:\/\/dev.kanotkungen.se\/en\/wp-json\/wp\/v2\/types\/page"}],"author":[{"embeddable":true,"href":"https:\/\/dev.kanotkungen.se\/en\/wp-json\/wp\/v2\/users\/2"}],"replies":[{"embeddable":true,"href":"https:\/\/dev.kanotkungen.se\/en\/wp-json\/wp\/v2\/comments?post=3611"}],"version-history":[{"count":0,"href":"https:\/\/dev.kanotkungen.se\/en\/wp-json\/wp\/v2\/pages\/3611\/revisions"}],"wp:attachment":[{"href":"https:\/\/dev.kanotkungen.se\/en\/wp-json\/wp\/v2\/media?parent=3611"}],"curies":[{"name":"wp","href":"https:\/\/api.w.org\/{rel}","templated":true}]}}