{"id":3318,"date":"2021-05-05T16:06:27","date_gmt":"2021-05-05T14:06:27","guid":{"rendered":"https:\/\/kanotkungen.se\/skolor-och-foretag\/"},"modified":"2023-01-31T16:56:21","modified_gmt":"2023-01-31T15:56:21","slug":"skolor-och-foretag","status":"publish","type":"page","link":"https:\/\/dev.kanotkungen.se\/en\/skolor-och-foretag\/","title":{"rendered":"Schools and companies"},"content":{"rendered":"","protected":false},"excerpt":{"rendered":"","protected":false},"author":1,"featured_media":0,"parent":0,"menu_order":0,"comment_status":"closed","ping_status":"closed","template":"","meta":{"_acf_changed":false,"_glsr_average":0,"_glsr_ranking":0,"_glsr_reviews":0,"footnotes":""},"acf":[],"yoast_head":"<!-- This site is optimized with the Yoast SEO plugin v23.2 - https:\/\/yoast.com\/wordpress\/plugins\/seo\/ -->\n<title>Skolor och f\u00f6retag - \u00c4r ni en hel grupp som skall paddla - Kanotkungen<\/title>\n<meta name=\"description\" content=\"Skolor och f\u00f6retag som \u00e4r sugna p\u00e5 att paddla \u00e4r v\u00e4lkomna till oss p\u00e5 Kanotkungen. Vi l\u00f6ser allt fr\u00e5n kanoter till kringaktiviteter.\" \/>\n<meta name=\"robots\" content=\"index, follow, max-snippet:-1, max-image-preview:large, max-video-preview:-1\" \/>\n<link rel=\"canonical\" href=\"https:\/\/dev.kanotkungen.se\/en\/skolor-och-foretag\/\" \/>\n<meta property=\"og:locale\" content=\"en_US\" \/>\n<meta property=\"og:type\" content=\"article\" \/>\n<meta property=\"og:title\" content=\"Skolor och f\u00f6retag - \u00c4r ni en hel grupp som skall paddla - Kanotkungen\" \/>\n<meta property=\"og:description\" content=\"Skolor och f\u00f6retag som \u00e4r sugna p\u00e5 att paddla \u00e4r v\u00e4lkomna till oss p\u00e5 Kanotkungen. Vi l\u00f6ser allt fr\u00e5n kanoter till kringaktiviteter.\" \/>\n<meta property=\"og:url\" content=\"https:\/\/dev.kanotkungen.se\/en\/skolor-och-foretag\/\" \/>\n<meta property=\"og:site_name\" content=\"Kanotkungen\" \/>\n<meta property=\"article:modified_time\" content=\"2023-01-31T15:56:21+00:00\" \/>\n<meta name=\"twitter:card\" content=\"summary_large_image\" \/>\n<script type=\"application\/ld+json\" class=\"yoast-schema-graph\">{\"@context\":\"https:\/\/schema.org\",\"@graph\":[{\"@type\":\"WebPage\",\"@id\":\"https:\/\/dev.kanotkungen.se\/en\/skolor-och-foretag\/\",\"url\":\"https:\/\/dev.kanotkungen.se\/en\/skolor-och-foretag\/\",\"name\":\"Skolor och f\u00f6retag - \u00c4r ni en hel grupp som skall paddla - Kanotkungen\",\"isPartOf\":{\"@id\":\"https:\/\/dev.kanotkungen.se\/#website\"},\"datePublished\":\"2021-05-05T14:06:27+00:00\",\"dateModified\":\"2023-01-31T15:56:21+00:00\",\"description\":\"Skolor och f\u00f6retag som \u00e4r sugna p\u00e5 att paddla \u00e4r v\u00e4lkomna till oss p\u00e5 Kanotkungen. Vi l\u00f6ser allt fr\u00e5n kanoter till kringaktiviteter.\",\"breadcrumb\":{\"@id\":\"https:\/\/dev.kanotkungen.se\/en\/skolor-och-foretag\/#breadcrumb\"},\"inLanguage\":\"en-US\",\"potentialAction\":[{\"@type\":\"ReadAction\",\"target\":[\"https:\/\/dev.kanotkungen.se\/en\/skolor-och-foretag\/\"]}]},{\"@type\":\"BreadcrumbList\",\"@id\":\"https:\/\/dev.kanotkungen.se\/en\/skolor-och-foretag\/#breadcrumb\",\"itemListElement\":[{\"@type\":\"ListItem\",\"position\":1,\"name\":\"Home\",\"item\":\"https:\/\/dev.kanotkungen.se\/en\/\"},{\"@type\":\"ListItem\",\"position\":2,\"name\":\"Schools and companies\"}]},{\"@type\":\"WebSite\",\"@id\":\"https:\/\/dev.kanotkungen.se\/#website\",\"url\":\"https:\/\/dev.kanotkungen.se\/\",\"name\":\"Kanotkungen\",\"description\":\"\u00c4ventyret b\u00f6rjar\",\"potentialAction\":[{\"@type\":\"SearchAction\",\"target\":{\"@type\":\"EntryPoint\",\"urlTemplate\":\"https:\/\/dev.kanotkungen.se\/?s={search_term_string}\"},\"query-input\":\"required name=search_term_string\"}],\"inLanguage\":\"en-US\"}]}<\/script>\n<!-- \/ Yoast SEO plugin. -->","yoast_head_json":{"title":"Skolor och f\u00f6retag - \u00c4r ni en hel grupp som skall paddla - Kanotkungen","description":"Skolor och f\u00f6retag som \u00e4r sugna p\u00e5 att paddla \u00e4r v\u00e4lkomna till oss p\u00e5 Kanotkungen. Vi l\u00f6ser allt fr\u00e5n kanoter till kringaktiviteter.","robots":{"index":"index","follow":"follow","max-snippet":"max-snippet:-1","max-image-preview":"max-image-preview:large","max-video-preview":"max-video-preview:-1"},"canonical":"https:\/\/dev.kanotkungen.se\/en\/skolor-och-foretag\/","og_locale":"en_US","og_type":"article","og_title":"Skolor och f\u00f6retag - \u00c4r ni en hel grupp som skall paddla - Kanotkungen","og_description":"Skolor och f\u00f6retag som \u00e4r sugna p\u00e5 att paddla \u00e4r v\u00e4lkomna till oss p\u00e5 Kanotkungen. Vi l\u00f6ser allt fr\u00e5n kanoter till kringaktiviteter.","og_url":"https:\/\/dev.kanotkungen.se\/en\/skolor-och-foretag\/","og_site_name":"Kanotkungen","article_modified_time":"2023-01-31T15:56:21+00:00","twitter_card":"summary_large_image","schema":{"@context":"https:\/\/schema.org","@graph":[{"@type":"WebPage","@id":"https:\/\/dev.kanotkungen.se\/en\/skolor-och-foretag\/","url":"https:\/\/dev.kanotkungen.se\/en\/skolor-och-foretag\/","name":"Skolor och f\u00f6retag - \u00c4r ni en hel grupp som skall paddla - Kanotkungen","isPartOf":{"@id":"https:\/\/dev.kanotkungen.se\/#website"},"datePublished":"2021-05-05T14:06:27+00:00","dateModified":"2023-01-31T15:56:21+00:00","description":"Skolor och f\u00f6retag som \u00e4r sugna p\u00e5 att paddla \u00e4r v\u00e4lkomna till oss p\u00e5 Kanotkungen. Vi l\u00f6ser allt fr\u00e5n kanoter till kringaktiviteter.","breadcrumb":{"@id":"https:\/\/dev.kanotkungen.se\/en\/skolor-och-foretag\/#breadcrumb"},"inLanguage":"en-US","potentialAction":[{"@type":"ReadAction","target":["https:\/\/dev.kanotkungen.se\/en\/skolor-och-foretag\/"]}]},{"@type":"BreadcrumbList","@id":"https:\/\/dev.kanotkungen.se\/en\/skolor-och-foretag\/#breadcrumb","itemListElement":[{"@type":"ListItem","position":1,"name":"Home","item":"https:\/\/dev.kanotkungen.se\/en\/"},{"@type":"ListItem","position":2,"name":"Schools and companies"}]},{"@type":"WebSite","@id":"https:\/\/dev.kanotkungen.se\/#website","url":"https:\/\/dev.kanotkungen.se\/","name":"Kanotkungen","description":"\u00c4ventyret b\u00f6rjar","potentialAction":[{"@type":"SearchAction","target":{"@type":"EntryPoint","urlTemplate":"https:\/\/dev.kanotkungen.se\/?s={search_term_string}"},"query-input":"required name=search_term_string"}],"inLanguage":"en-US"}]}},"_links":{"self":[{"href":"https:\/\/dev.kanotkungen.se\/en\/wp-json\/wp\/v2\/pages\/3318"}],"collection":[{"href":"https:\/\/dev.kanotkungen.se\/en\/wp-json\/wp\/v2\/pages"}],"about":[{"href":"https:\/\/dev.kanotkungen.se\/en\/wp-json\/wp\/v2\/types\/page"}],"author":[{"embeddable":true,"href":"https:\/\/dev.kanotkungen.se\/en\/wp-json\/wp\/v2\/users\/1"}],"replies":[{"embeddable":true,"href":"https:\/\/dev.kanotkungen.se\/en\/wp-json\/wp\/v2\/comments?post=3318"}],"version-history":[{"count":0,"href":"https:\/\/dev.kanotkungen.se\/en\/wp-json\/wp\/v2\/pages\/3318\/revisions"}],"wp:attachment":[{"href":"https:\/\/dev.kanotkungen.se\/en\/wp-json\/wp\/v2\/media?parent=3318"}],"curies":[{"name":"wp","href":"https:\/\/api.w.org\/{rel}","templated":true}]}}