{"id":4227,"date":"2024-06-11T12:00:11","date_gmt":"2024-06-11T10:00:11","guid":{"rendered":"https:\/\/kanotkungen.se\/?post_type=product&#038;p=4227"},"modified":"2024-07-01T12:51:15","modified_gmt":"2024-07-01T10:51:15","slug":"dagspaddling","status":"publish","type":"product","link":"https:\/\/dev.kanotkungen.se\/de\/produkt\/dagspaddling\/","title":{"rendered":"Dagspaddling"},"content":{"rendered":"<p>Under juli och augusti arrangerar TNT Sea Kayaking i samarbete med Kanotkungen en dagstur p\u00e5 M\u00e4laren. L\u00e4s mer om varje dagspaddling och boka din upplevelse inf\u00f6r sommaren.<\/p>\n","protected":false},"excerpt":{"rendered":"<p>Under juli och augusti arrangerar TNT Sea Kayaking i samarbete med Kanotkungen en dagstur p\u00e5 M\u00e4laren. L\u00e4s mer om varje dagspaddling och boka din upplevelse inf\u00f6r sommaren.<\/p>\n","protected":false},"featured_media":0,"comment_status":"closed","ping_status":"closed","template":"","meta":{"_acf_changed":false,"_glsr_average":0,"_glsr_ranking":0,"_glsr_reviews":0},"product_cat":[16],"product_tag":[],"acf":[],"yoast_head":"<!-- This site is optimized with the Yoast SEO plugin v23.2 - https:\/\/yoast.com\/wordpress\/plugins\/seo\/ -->\n<title>Dagspaddling - Kanotkungen<\/title>\n<meta name=\"robots\" content=\"index, follow, max-snippet:-1, max-image-preview:large, max-video-preview:-1\" \/>\n<link rel=\"canonical\" href=\"https:\/\/dev.kanotkungen.se\/produkt\/dagspaddling\/\" \/>\n<meta property=\"og:locale\" content=\"de_DE\" \/>\n<meta property=\"og:type\" content=\"article\" \/>\n<meta property=\"og:title\" content=\"Dagspaddling - Kanotkungen\" \/>\n<meta property=\"og:description\" content=\"Under juli och augusti arrangerar TNT Sea Kayaking i samarbete med Kanotkungen en dagstur p\u00e5 M\u00e4laren. L\u00e4s mer om varje dagspaddling och boka din upplevelse inf\u00f6r sommaren.\" \/>\n<meta property=\"og:url\" content=\"https:\/\/dev.kanotkungen.se\/produkt\/dagspaddling\/\" \/>\n<meta property=\"og:site_name\" content=\"Kanotkungen\" \/>\n<meta property=\"article:modified_time\" content=\"2024-07-01T10:51:15+00:00\" \/>\n<meta name=\"twitter:card\" content=\"summary_large_image\" \/>\n<meta name=\"twitter:label1\" content=\"Gesch\u00e4tzte Lesezeit\" \/>\n\t<meta name=\"twitter:data1\" content=\"1\u00a0Minute\" \/>\n<script type=\"application\/ld+json\" class=\"yoast-schema-graph\">{\"@context\":\"https:\/\/schema.org\",\"@graph\":[{\"@type\":\"WebPage\",\"@id\":\"https:\/\/dev.kanotkungen.se\/produkt\/dagspaddling\/\",\"url\":\"https:\/\/dev.kanotkungen.se\/produkt\/dagspaddling\/\",\"name\":\"Dagspaddling - Kanotkungen\",\"isPartOf\":{\"@id\":\"https:\/\/dev.kanotkungen.se\/#website\"},\"datePublished\":\"2024-06-11T10:00:11+00:00\",\"dateModified\":\"2024-07-01T10:51:15+00:00\",\"breadcrumb\":{\"@id\":\"https:\/\/dev.kanotkungen.se\/produkt\/dagspaddling\/#breadcrumb\"},\"inLanguage\":\"de\",\"potentialAction\":[{\"@type\":\"ReadAction\",\"target\":[\"https:\/\/dev.kanotkungen.se\/produkt\/dagspaddling\/\"]}]},{\"@type\":\"BreadcrumbList\",\"@id\":\"https:\/\/dev.kanotkungen.se\/produkt\/dagspaddling\/#breadcrumb\",\"itemListElement\":[{\"@type\":\"ListItem\",\"position\":1,\"name\":\"Home\",\"item\":\"https:\/\/dev.kanotkungen.se\/de\/\"},{\"@type\":\"ListItem\",\"position\":2,\"name\":\"Producten\",\"item\":\"https:\/\/dev.kanotkungen.se\/nl\/shop\/\"},{\"@type\":\"ListItem\",\"position\":3,\"name\":\"Dagspaddling\"}]},{\"@type\":\"WebSite\",\"@id\":\"https:\/\/dev.kanotkungen.se\/#website\",\"url\":\"https:\/\/dev.kanotkungen.se\/\",\"name\":\"Kanotkungen\",\"description\":\"\u00c4ventyret b\u00f6rjar\",\"potentialAction\":[{\"@type\":\"SearchAction\",\"target\":{\"@type\":\"EntryPoint\",\"urlTemplate\":\"https:\/\/dev.kanotkungen.se\/?s={search_term_string}\"},\"query-input\":\"required name=search_term_string\"}],\"inLanguage\":\"de\"}]}<\/script>\n<!-- \/ Yoast SEO plugin. -->","yoast_head_json":{"title":"Dagspaddling - Kanotkungen","robots":{"index":"index","follow":"follow","max-snippet":"max-snippet:-1","max-image-preview":"max-image-preview:large","max-video-preview":"max-video-preview:-1"},"canonical":"https:\/\/dev.kanotkungen.se\/produkt\/dagspaddling\/","og_locale":"de_DE","og_type":"article","og_title":"Dagspaddling - Kanotkungen","og_description":"Under juli och augusti arrangerar TNT Sea Kayaking i samarbete med Kanotkungen en dagstur p\u00e5 M\u00e4laren. L\u00e4s mer om varje dagspaddling och boka din upplevelse inf\u00f6r sommaren.","og_url":"https:\/\/dev.kanotkungen.se\/produkt\/dagspaddling\/","og_site_name":"Kanotkungen","article_modified_time":"2024-07-01T10:51:15+00:00","twitter_card":"summary_large_image","twitter_misc":{"Gesch\u00e4tzte Lesezeit":"1\u00a0Minute"},"schema":{"@context":"https:\/\/schema.org","@graph":[{"@type":"WebPage","@id":"https:\/\/dev.kanotkungen.se\/produkt\/dagspaddling\/","url":"https:\/\/dev.kanotkungen.se\/produkt\/dagspaddling\/","name":"Dagspaddling - Kanotkungen","isPartOf":{"@id":"https:\/\/dev.kanotkungen.se\/#website"},"datePublished":"2024-06-11T10:00:11+00:00","dateModified":"2024-07-01T10:51:15+00:00","breadcrumb":{"@id":"https:\/\/dev.kanotkungen.se\/produkt\/dagspaddling\/#breadcrumb"},"inLanguage":"de","potentialAction":[{"@type":"ReadAction","target":["https:\/\/dev.kanotkungen.se\/produkt\/dagspaddling\/"]}]},{"@type":"BreadcrumbList","@id":"https:\/\/dev.kanotkungen.se\/produkt\/dagspaddling\/#breadcrumb","itemListElement":[{"@type":"ListItem","position":1,"name":"Home","item":"https:\/\/dev.kanotkungen.se\/de\/"},{"@type":"ListItem","position":2,"name":"Producten","item":"https:\/\/dev.kanotkungen.se\/nl\/shop\/"},{"@type":"ListItem","position":3,"name":"Dagspaddling"}]},{"@type":"WebSite","@id":"https:\/\/dev.kanotkungen.se\/#website","url":"https:\/\/dev.kanotkungen.se\/","name":"Kanotkungen","description":"\u00c4ventyret b\u00f6rjar","potentialAction":[{"@type":"SearchAction","target":{"@type":"EntryPoint","urlTemplate":"https:\/\/dev.kanotkungen.se\/?s={search_term_string}"},"query-input":"required name=search_term_string"}],"inLanguage":"de"}]}},"_links":{"self":[{"href":"https:\/\/dev.kanotkungen.se\/de\/wp-json\/wp\/v2\/product\/4227"}],"collection":[{"href":"https:\/\/dev.kanotkungen.se\/de\/wp-json\/wp\/v2\/product"}],"about":[{"href":"https:\/\/dev.kanotkungen.se\/de\/wp-json\/wp\/v2\/types\/product"}],"replies":[{"embeddable":true,"href":"https:\/\/dev.kanotkungen.se\/de\/wp-json\/wp\/v2\/comments?post=4227"}],"wp:attachment":[{"href":"https:\/\/dev.kanotkungen.se\/de\/wp-json\/wp\/v2\/media?parent=4227"}],"wp:term":[{"taxonomy":"product_cat","embeddable":true,"href":"https:\/\/dev.kanotkungen.se\/de\/wp-json\/wp\/v2\/product_cat?post=4227"},{"taxonomy":"product_tag","embeddable":true,"href":"https:\/\/dev.kanotkungen.se\/de\/wp-json\/wp\/v2\/product_tag?post=4227"}],"curies":[{"name":"wp","href":"https:\/\/api.w.org\/{rel}","templated":true}]}}