{"id":3884,"date":"2024-02-24T14:33:22","date_gmt":"2024-02-24T13:33:22","guid":{"rendered":"https:\/\/kanotkungen.se\/?post_type=product&#038;p=3884"},"modified":"2024-05-28T12:43:52","modified_gmt":"2024-05-28T10:43:52","slug":"anfaengerkurs-im-kajakfahren","status":"publish","type":"product","link":"https:\/\/dev.kanotkungen.se\/de\/produkt\/anfaengerkurs-im-kajakfahren\/","title":{"rendered":"Anf\u00e4ngerkurs im kajakfahren"},"content":{"rendered":"<div class=\"flex-1 overflow-hidden\">\n<div class=\"react-scroll-to-bottom--css-fluae-79elbk h-full\">\n<div class=\"react-scroll-to-bottom--css-fluae-1n7m0yu\">\n<div class=\"flex flex-col pb-9 text-sm\">\n<div class=\"w-full text-token-text-primary\" data-testid=\"conversation-turn-5\">\n<div class=\"px-4 py-2 justify-center text-base md:gap-6 m-auto\">\n<div class=\"flex flex-1 text-base mx-auto gap-3 md:px-5 lg:px-1 xl:px-5 md:max-w-3xl lg:max-w-[40rem] xl:max-w-[48rem] group final-completion\">\n<div class=\"relative flex w-full flex-col agent-turn\">\n<div class=\"flex-col gap-1 md:gap-3\">\n<div class=\"flex flex-grow flex-col max-w-full\">\n<div class=\"min-h-[20px] text-message flex flex-col items-start gap-3 whitespace-pre-wrap break-words [.text-message+&amp;]:mt-5 overflow-x-auto\" data-message-author-role=\"assistant\" data-message-id=\"7ee7eff5-4993-4b0d-8385-43b71f4de4b5\">\n<div class=\"markdown prose w-full break-words dark:prose-invert light\">\n<p><strong>\u00dcBER DEN ANF\u00c4NGERKURS:<\/strong><br \/>\nEin Tag Training f\u00fcr den gelben Paddelschein. Sie lernen die Grundlagen des Man\u00f6vrierens Ihres Kajaks. Wir treffen uns um 9:00 Uhr bei Kanotkungen in \u00c5kers Styckebruk. Wir beenden um 16:00 Uhr. Am Ende des Tages k\u00f6nnen Sie die Zertifizierung f\u00fcr den gelben Paddelschein erhalten.<\/p>\n<p><strong>Termine:<br \/>\n<\/strong>6.Juni, 17. Juni, 20.Juni, 22. Juli &amp; 23. Juli<\/p>\n<p><strong>W\u00e4hrend dieses Kurses lernen Sie:<\/strong><br \/>\nKajak heben, tragen, ein- und aussteigen<br \/>\nEffektive Technik f\u00fcr das Vorw\u00e4rtspaddeln<br \/>\nR\u00fcckw\u00e4rts paddeln<br \/>\nDas Kajak stoppen<br \/>\nMit Schwungschl\u00e4gen lenken<br \/>\nVerhalten in der Natur in Schweden<br \/>\nKameradenrettung<br \/>\nSelbstrettung<\/p>\n<p><strong>Preis: 6 Teilnehmer, 2150 SEK \/ Person.<\/strong><br \/>\n<em>Voraussetzung: Sie m\u00fcssen 200 Meter schwimmen k\u00f6nnen.<\/em><\/p>\n<p><strong>Im Kurs enthalten:<\/strong><br \/>\nKajak, Paddel, Schwimmweste, Spritzdecke<br \/>\nWasserdichte Tasche<br \/>\nKaltes vegetarisches Mittagessen<\/p>\n<p><strong>Was Sie mitbringen m\u00fcssen:<br \/>\n<\/strong>Eine Wasserflasche Ein kompletter Satz Wechselkleidung, Handtuch<br \/>\nEtwas zum Essen vom Kajak (z.B. Banane oder Keks)<br \/>\nHut<br \/>\nSonnenbrille<br \/>\nHandschuhe, die nass werden k\u00f6nnen<br \/>\nSchuhe, die nass werden k\u00f6nnen<br \/>\nBequeme Hosen (Leggings oder Shorts)<br \/>\nEine Jacke zum Windschutz und warme Kleidung je nach Wetter<br \/>\nF\u00fcr den Kurs sind mindestens 2 Teilnehmer erforderlich.<\/p>\n<h2><a href=\"https:\/\/app.outventures.se\/widget\/v2\/dialog\/new-order?key=42a170af8e0c88527d3f566b3bff3d463b952c5a383bfb0ef26d20025267a2ba&amp;productTypes=products&amp;listView=products&amp;products=7644\"><strong>BUCHEN SIE DEN KURS HIER<\/strong><\/a><\/h2>\n<p>&nbsp;<\/p>\n<p><strong>\u00dcBER DEN LEHRER<\/strong><br \/>\nFrancois Herrault wird Ihr Lehrer sein. Francois ist ein erfahrener Lehrer und Guide, ausgebildet und zertifiziert von der Schwedischen Kanuvereinigung. Francois hat Erfahrung darin, Anf\u00e4ngern die Grundlagen des Seekajakfahrens beizubringen sowie fortgeschrittene Paddler in anspruchsvollen Umgebungen zu coachen.<\/p>\n<p>12 Jahre Paddeln im Stockholmer Sch\u00e4rengarten<br \/>\n8 Jahre Gruppenleitung und Kajakunterricht auf allen Niveaus<br \/>\nZertifiziert als Kajakf\u00fchrer Level 1 und 2 bei der Schwedischen Kanuvereinigung<br \/>\nZertifiziert als Kajakf\u00fchrer Level 1 und 2 bei der gro\u00dfen schwedischen Outdoor-Organisation: Friluftsfr\u00e4mjandet<br \/>\nBesitzer des roten Europ\u00e4ischen Paddelscheins<br \/>\nUnterrichtet und pr\u00fcft Paddler auf den Niveaus Gelb, Gr\u00fcn und Blau.<\/p>\n<\/div>\n<\/div>\n<\/div>\n<\/div>\n<\/div>\n<div class=\"flex w-full gap-2 items-center justify-center\"><img fetchpriority=\"high\" decoding=\"async\" class=\"alignnone wp-image-3967\" title=\"francois med logga\" src=\"https:\/\/dev.kanotkungen.se\/wp-content\/uploads\/2024\/02\/francois-med-logga-216x300.png\" alt=\"\" width=\"248\" height=\"344\" srcset=\"https:\/\/dev.kanotkungen.se\/wp-content\/uploads\/2024\/02\/francois-med-logga-216x300.png 216w, https:\/\/dev.kanotkungen.se\/wp-content\/uploads\/2024\/02\/francois-med-logga.png 322w\" sizes=\"(max-width: 248px) 100vw, 248px\" \/><\/div>\n<\/div>\n<\/div>\n<\/div>\n<\/div>\n<\/div>\n<\/div>\n<\/div>\n<div class=\"w-full pt-2 md:pt-0 dark:border-white\/20 md:border-transparent md:dark:border-transparent md:w-[calc(100%-.5rem)]\">\n<form class=\"stretch mx-2 flex flex-row gap-3 last:mb-2 md:mx-4 md:last:mb-6 lg:mx-auto lg:max-w-2xl xl:max-w-3xl\">\n<div class=\"relative flex h-full flex-1 flex-col\">\n<div class=\"flex w-full items-center\"><\/div>\n<\/div>\n<\/form>\n<\/div>\n","protected":false},"excerpt":{"rendered":"<p>\u00dcBER DEN ANF\u00c4NGERKURS: Ein Tag Training f\u00fcr den gelben Paddelschein. Sie lernen die Grundlagen des Man\u00f6vrierens Ihres Kajaks. Wir treffen uns um 9:00 Uhr bei Kanotkungen in \u00c5kers Styckebruk. Wir beenden um 16:00 Uhr. Am Ende des Tages k\u00f6nnen Sie die Zertifizierung f\u00fcr den gelben Paddelschein erhalten. Termine: 6.Juni, 17. Juni, 20.Juni, 22. Juli &amp; [&hellip;]<\/p>\n","protected":false},"featured_media":0,"comment_status":"closed","ping_status":"closed","template":"","meta":{"_acf_changed":false,"_glsr_average":0,"_glsr_ranking":0,"_glsr_reviews":0},"product_cat":[44],"product_tag":[],"acf":[],"yoast_head":"<!-- This site is optimized with the Yoast SEO plugin v23.2 - https:\/\/yoast.com\/wordpress\/plugins\/seo\/ -->\n<title>Anf\u00e4ngerkurs im kajakfahren - Kanotkungen<\/title>\n<meta name=\"robots\" content=\"index, follow, max-snippet:-1, max-image-preview:large, max-video-preview:-1\" \/>\n<link rel=\"canonical\" href=\"https:\/\/dev.kanotkungen.se\/de\/produkt\/anfaengerkurs-im-kajakfahren\/\" \/>\n<meta property=\"og:locale\" content=\"de_DE\" \/>\n<meta property=\"og:type\" content=\"article\" \/>\n<meta property=\"og:title\" content=\"Anf\u00e4ngerkurs im kajakfahren - Kanotkungen\" \/>\n<meta property=\"og:description\" content=\"\u00dcBER DEN ANF\u00c4NGERKURS: Ein Tag Training f\u00fcr den gelben Paddelschein. Sie lernen die Grundlagen des Man\u00f6vrierens Ihres Kajaks. Wir treffen uns um 9:00 Uhr bei Kanotkungen in \u00c5kers Styckebruk. Wir beenden um 16:00 Uhr. Am Ende des Tages k\u00f6nnen Sie die Zertifizierung f\u00fcr den gelben Paddelschein erhalten. Termine: 6.Juni, 17. Juni, 20.Juni, 22. Juli &amp; [&hellip;]\" \/>\n<meta property=\"og:url\" content=\"https:\/\/dev.kanotkungen.se\/de\/produkt\/anfaengerkurs-im-kajakfahren\/\" \/>\n<meta property=\"og:site_name\" content=\"Kanotkungen\" \/>\n<meta property=\"article:modified_time\" content=\"2024-05-28T10:43:52+00:00\" \/>\n<meta property=\"og:image\" content=\"https:\/\/dev.kanotkungen.se\/wp-content\/uploads\/2024\/02\/francois-med-logga-216x300.png\" \/>\n<meta name=\"twitter:card\" content=\"summary_large_image\" \/>\n<meta name=\"twitter:label1\" content=\"Gesch\u00e4tzte Lesezeit\" \/>\n\t<meta name=\"twitter:data1\" content=\"2\u00a0Minuten\" \/>\n<script type=\"application\/ld+json\" class=\"yoast-schema-graph\">{\"@context\":\"https:\/\/schema.org\",\"@graph\":[{\"@type\":\"WebPage\",\"@id\":\"https:\/\/dev.kanotkungen.se\/de\/produkt\/anfaengerkurs-im-kajakfahren\/\",\"url\":\"https:\/\/dev.kanotkungen.se\/de\/produkt\/anfaengerkurs-im-kajakfahren\/\",\"name\":\"Anf\u00e4ngerkurs im kajakfahren - Kanotkungen\",\"isPartOf\":{\"@id\":\"https:\/\/dev.kanotkungen.se\/#website\"},\"primaryImageOfPage\":{\"@id\":\"https:\/\/dev.kanotkungen.se\/de\/produkt\/anfaengerkurs-im-kajakfahren\/#primaryimage\"},\"image\":{\"@id\":\"https:\/\/dev.kanotkungen.se\/de\/produkt\/anfaengerkurs-im-kajakfahren\/#primaryimage\"},\"thumbnailUrl\":\"https:\/\/dev.kanotkungen.se\/wp-content\/uploads\/2024\/02\/francois-med-logga-216x300.png\",\"datePublished\":\"2024-02-24T13:33:22+00:00\",\"dateModified\":\"2024-05-28T10:43:52+00:00\",\"breadcrumb\":{\"@id\":\"https:\/\/dev.kanotkungen.se\/de\/produkt\/anfaengerkurs-im-kajakfahren\/#breadcrumb\"},\"inLanguage\":\"de\",\"potentialAction\":[{\"@type\":\"ReadAction\",\"target\":[\"https:\/\/dev.kanotkungen.se\/de\/produkt\/anfaengerkurs-im-kajakfahren\/\"]}]},{\"@type\":\"ImageObject\",\"inLanguage\":\"de\",\"@id\":\"https:\/\/dev.kanotkungen.se\/de\/produkt\/anfaengerkurs-im-kajakfahren\/#primaryimage\",\"url\":\"https:\/\/dev.kanotkungen.se\/wp-content\/uploads\/2024\/02\/francois-med-logga-216x300.png\",\"contentUrl\":\"https:\/\/dev.kanotkungen.se\/wp-content\/uploads\/2024\/02\/francois-med-logga-216x300.png\"},{\"@type\":\"BreadcrumbList\",\"@id\":\"https:\/\/dev.kanotkungen.se\/de\/produkt\/anfaengerkurs-im-kajakfahren\/#breadcrumb\",\"itemListElement\":[{\"@type\":\"ListItem\",\"position\":1,\"name\":\"Home\",\"item\":\"https:\/\/dev.kanotkungen.se\/de\/\"},{\"@type\":\"ListItem\",\"position\":2,\"name\":\"Producten\",\"item\":\"https:\/\/dev.kanotkungen.se\/nl\/shop\/\"},{\"@type\":\"ListItem\",\"position\":3,\"name\":\"Anf\u00e4ngerkurs im kajakfahren\"}]},{\"@type\":\"WebSite\",\"@id\":\"https:\/\/dev.kanotkungen.se\/#website\",\"url\":\"https:\/\/dev.kanotkungen.se\/\",\"name\":\"Kanotkungen\",\"description\":\"\u00c4ventyret b\u00f6rjar\",\"potentialAction\":[{\"@type\":\"SearchAction\",\"target\":{\"@type\":\"EntryPoint\",\"urlTemplate\":\"https:\/\/dev.kanotkungen.se\/?s={search_term_string}\"},\"query-input\":\"required name=search_term_string\"}],\"inLanguage\":\"de\"}]}<\/script>\n<!-- \/ Yoast SEO plugin. -->","yoast_head_json":{"title":"Anf\u00e4ngerkurs im kajakfahren - Kanotkungen","robots":{"index":"index","follow":"follow","max-snippet":"max-snippet:-1","max-image-preview":"max-image-preview:large","max-video-preview":"max-video-preview:-1"},"canonical":"https:\/\/dev.kanotkungen.se\/de\/produkt\/anfaengerkurs-im-kajakfahren\/","og_locale":"de_DE","og_type":"article","og_title":"Anf\u00e4ngerkurs im kajakfahren - Kanotkungen","og_description":"\u00dcBER DEN ANF\u00c4NGERKURS: Ein Tag Training f\u00fcr den gelben Paddelschein. Sie lernen die Grundlagen des Man\u00f6vrierens Ihres Kajaks. Wir treffen uns um 9:00 Uhr bei Kanotkungen in \u00c5kers Styckebruk. Wir beenden um 16:00 Uhr. Am Ende des Tages k\u00f6nnen Sie die Zertifizierung f\u00fcr den gelben Paddelschein erhalten. Termine: 6.Juni, 17. Juni, 20.Juni, 22. Juli &amp; [&hellip;]","og_url":"https:\/\/dev.kanotkungen.se\/de\/produkt\/anfaengerkurs-im-kajakfahren\/","og_site_name":"Kanotkungen","article_modified_time":"2024-05-28T10:43:52+00:00","og_image":[{"url":"https:\/\/dev.kanotkungen.se\/wp-content\/uploads\/2024\/02\/francois-med-logga-216x300.png"}],"twitter_card":"summary_large_image","twitter_misc":{"Gesch\u00e4tzte Lesezeit":"2\u00a0Minuten"},"schema":{"@context":"https:\/\/schema.org","@graph":[{"@type":"WebPage","@id":"https:\/\/dev.kanotkungen.se\/de\/produkt\/anfaengerkurs-im-kajakfahren\/","url":"https:\/\/dev.kanotkungen.se\/de\/produkt\/anfaengerkurs-im-kajakfahren\/","name":"Anf\u00e4ngerkurs im kajakfahren - Kanotkungen","isPartOf":{"@id":"https:\/\/dev.kanotkungen.se\/#website"},"primaryImageOfPage":{"@id":"https:\/\/dev.kanotkungen.se\/de\/produkt\/anfaengerkurs-im-kajakfahren\/#primaryimage"},"image":{"@id":"https:\/\/dev.kanotkungen.se\/de\/produkt\/anfaengerkurs-im-kajakfahren\/#primaryimage"},"thumbnailUrl":"https:\/\/dev.kanotkungen.se\/wp-content\/uploads\/2024\/02\/francois-med-logga-216x300.png","datePublished":"2024-02-24T13:33:22+00:00","dateModified":"2024-05-28T10:43:52+00:00","breadcrumb":{"@id":"https:\/\/dev.kanotkungen.se\/de\/produkt\/anfaengerkurs-im-kajakfahren\/#breadcrumb"},"inLanguage":"de","potentialAction":[{"@type":"ReadAction","target":["https:\/\/dev.kanotkungen.se\/de\/produkt\/anfaengerkurs-im-kajakfahren\/"]}]},{"@type":"ImageObject","inLanguage":"de","@id":"https:\/\/dev.kanotkungen.se\/de\/produkt\/anfaengerkurs-im-kajakfahren\/#primaryimage","url":"https:\/\/dev.kanotkungen.se\/wp-content\/uploads\/2024\/02\/francois-med-logga-216x300.png","contentUrl":"https:\/\/dev.kanotkungen.se\/wp-content\/uploads\/2024\/02\/francois-med-logga-216x300.png"},{"@type":"BreadcrumbList","@id":"https:\/\/dev.kanotkungen.se\/de\/produkt\/anfaengerkurs-im-kajakfahren\/#breadcrumb","itemListElement":[{"@type":"ListItem","position":1,"name":"Home","item":"https:\/\/dev.kanotkungen.se\/de\/"},{"@type":"ListItem","position":2,"name":"Producten","item":"https:\/\/dev.kanotkungen.se\/nl\/shop\/"},{"@type":"ListItem","position":3,"name":"Anf\u00e4ngerkurs im kajakfahren"}]},{"@type":"WebSite","@id":"https:\/\/dev.kanotkungen.se\/#website","url":"https:\/\/dev.kanotkungen.se\/","name":"Kanotkungen","description":"\u00c4ventyret b\u00f6rjar","potentialAction":[{"@type":"SearchAction","target":{"@type":"EntryPoint","urlTemplate":"https:\/\/dev.kanotkungen.se\/?s={search_term_string}"},"query-input":"required name=search_term_string"}],"inLanguage":"de"}]}},"_links":{"self":[{"href":"https:\/\/dev.kanotkungen.se\/de\/wp-json\/wp\/v2\/product\/3884"}],"collection":[{"href":"https:\/\/dev.kanotkungen.se\/de\/wp-json\/wp\/v2\/product"}],"about":[{"href":"https:\/\/dev.kanotkungen.se\/de\/wp-json\/wp\/v2\/types\/product"}],"replies":[{"embeddable":true,"href":"https:\/\/dev.kanotkungen.se\/de\/wp-json\/wp\/v2\/comments?post=3884"}],"wp:attachment":[{"href":"https:\/\/dev.kanotkungen.se\/de\/wp-json\/wp\/v2\/media?parent=3884"}],"wp:term":[{"taxonomy":"product_cat","embeddable":true,"href":"https:\/\/dev.kanotkungen.se\/de\/wp-json\/wp\/v2\/product_cat?post=3884"},{"taxonomy":"product_tag","embeddable":true,"href":"https:\/\/dev.kanotkungen.se\/de\/wp-json\/wp\/v2\/product_tag?post=3884"}],"curies":[{"name":"wp","href":"https:\/\/api.w.org\/{rel}","templated":true}]}}