{"id":2191,"date":"2021-05-11T14:46:45","date_gmt":"2021-05-11T12:46:45","guid":{"rendered":"https:\/\/kanotkungen.se\/?post_type=product&#038;p=2191"},"modified":"2024-03-21T10:27:43","modified_gmt":"2024-03-21T09:27:43","slug":"boka-paddling","status":"publish","type":"product","link":"https:\/\/dev.kanotkungen.se\/de\/produkt\/boka-paddling\/","title":{"rendered":"Kanufahrt buchen"},"content":{"rendered":"<p>Willkommen, Ihre n\u00e4chste Paddelerfahrung bei Kanotkungen zu buchen. Wir bieten eine breite Auswahl an Kanus, Kajaks und Kanadiern an. Entdecken Sie den S\u00f6rmlandsleden, von der Kanuroute \u00c5kers Styckebruk nach Vagnh\u00e4rad, weiter nach Trosa und zur Ostsee. Wir bieten alles von Tagesausfl\u00fcgen bis zu 2-4-t\u00e4gigen Touren.<\/p>\n<p>Mit unserem Buchungssystem ist es einfach, Ihren n\u00e4chsten Ausflug zu planen und zu buchen, egal ob Sie alleine, mit der Familie oder als Gruppe von Schulen, Vereinen oder Unternehmen reisen. Entdecken Sie die Sch\u00f6nheit der Natur aus einer neuen Perspektive mit unseren Paddeloptionen.<\/p>\n<p>Hier ist, was Sie wissen m\u00fcssen:<\/p>\n<p>Rettungswesten f\u00fcr Alle Wir bieten Rettungswesten f\u00fcr alle Gr\u00f6\u00dfen und Bed\u00fcrfnisse an. Von 3 kg aufw\u00e4rts sowie Rettungswesten f\u00fcr unsere vierbeinigen Freunde &#8211; kleine und gro\u00dfe Hunde. Sicherheit und Komfort stehen bei uns an erster Stelle, egal ob Sie Anf\u00e4nger oder erfahrener Paddler sind.<\/p>\n<p>Flexible Paddeloptionen W\u00e4hlen Sie zwischen einem Tagesausflug oder mehreren Tagen auf dem Wasser und erstellen Sie Ihre eigene Route. Sie bestimmen, wo Ihre Paddeltour endet, was Ihnen die Freiheit gibt, die sch\u00f6nen Aussichten entlang des Weges zu erkunden und zu genie\u00dfen. F\u00fcr eine komfortable \u00dcbernachtung in der N\u00e4he, schauen Sie sich unsere empfohlenen Unterk\u00fcnfte hier an. Bei der Ankunft stehen praktische Erg\u00e4nzungen wie kostenfreie Parkpl\u00e4tze, Toiletten und Grillpl\u00e4tze zur Verf\u00fcgung, um Ihren Aufenthalt so angenehm wie m\u00f6glich zu gestalten.<\/p>\n<p>Besondere W\u00fcnsche? Wir H\u00f6ren zu! F\u00fcr besondere W\u00fcnsche oder Bed\u00fcrfnisse \u00fcber unsere Standardpakete hinaus oder wenn Sie einen Ausflug f\u00fcr Familien mit Kindern planen, <a href=\"https:\/\/dev.kanotkungen.se\/de\/kontakta-oss\/\">kontaktieren Sie uns direkt.<\/a><\/p>\n<p>Erkunden Sie unsere Ausr\u00fcstung Um einen genaueren Blick auf die Ausr\u00fcstung zu werfen, die wir anbieten, klicken Sie hier und erfahren Sie mehr \u00fcber unsere Kanus, Kajaks und Kanadier sowie andere Paddelausr\u00fcstung.<\/p>\n<p>Jetzt Buchen und Erinnerungen f\u00fcrs Leben schaffen<\/p>\n<p>Willkommen, Ihre Paddeltour mit Kanotkungen zu buchen. Schaffen Sie Erinnerungen f\u00fcrs Leben und erleben Sie die Sch\u00f6nheit der Natur aus einer neuen Perspektive. Wir freuen uns darauf, Sie zu einem Tag voller Abenteuer auf dem Wasser begr\u00fc\u00dfen zu d\u00fcrfen!<\/p>\n","protected":false},"excerpt":{"rendered":"<p>Willkommen, Ihre n\u00e4chste Paddelerfahrung bei Kanotkungen zu buchen. Wir bieten eine breite Auswahl an Kanus, Kajaks und Kanadiern an. Entdecken Sie den S\u00f6rmlandsleden, von der Kanuroute \u00c5kers Styckebruk nach Vagnh\u00e4rad, weiter nach Trosa und zur Ostsee. Wir bieten alles von Tagesausfl\u00fcgen bis zu 2-4-t\u00e4gigen Touren. Mit unserem Buchungssystem ist es einfach, Ihren n\u00e4chsten Ausflug zu [&hellip;]<\/p>\n","protected":false},"featured_media":0,"comment_status":"closed","ping_status":"closed","template":"","meta":{"_acf_changed":false,"_glsr_average":0,"_glsr_ranking":0,"_glsr_reviews":0},"product_cat":[44],"product_tag":[],"acf":[],"yoast_head":"<!-- This site is optimized with the Yoast SEO plugin v23.2 - https:\/\/yoast.com\/wordpress\/plugins\/seo\/ -->\n<title>Kanufahrt buchen - Kanotkungen<\/title>\n<meta name=\"robots\" content=\"index, follow, max-snippet:-1, max-image-preview:large, max-video-preview:-1\" \/>\n<link rel=\"canonical\" href=\"https:\/\/dev.kanotkungen.se\/de\/produkt\/boka-paddling\/\" \/>\n<meta property=\"og:locale\" content=\"de_DE\" \/>\n<meta property=\"og:type\" content=\"article\" \/>\n<meta property=\"og:title\" content=\"Kanufahrt buchen - Kanotkungen\" \/>\n<meta property=\"og:description\" content=\"Willkommen, Ihre n\u00e4chste Paddelerfahrung bei Kanotkungen zu buchen. Wir bieten eine breite Auswahl an Kanus, Kajaks und Kanadiern an. Entdecken Sie den S\u00f6rmlandsleden, von der Kanuroute \u00c5kers Styckebruk nach Vagnh\u00e4rad, weiter nach Trosa und zur Ostsee. Wir bieten alles von Tagesausfl\u00fcgen bis zu 2-4-t\u00e4gigen Touren. Mit unserem Buchungssystem ist es einfach, Ihren n\u00e4chsten Ausflug zu [&hellip;]\" \/>\n<meta property=\"og:url\" content=\"https:\/\/dev.kanotkungen.se\/de\/produkt\/boka-paddling\/\" \/>\n<meta property=\"og:site_name\" content=\"Kanotkungen\" \/>\n<meta property=\"article:modified_time\" content=\"2024-03-21T09:27:43+00:00\" \/>\n<meta name=\"twitter:card\" content=\"summary_large_image\" \/>\n<meta name=\"twitter:label1\" content=\"Gesch\u00e4tzte Lesezeit\" \/>\n\t<meta name=\"twitter:data1\" content=\"2\u00a0Minuten\" \/>\n<script type=\"application\/ld+json\" class=\"yoast-schema-graph\">{\"@context\":\"https:\/\/schema.org\",\"@graph\":[{\"@type\":\"WebPage\",\"@id\":\"https:\/\/dev.kanotkungen.se\/de\/produkt\/boka-paddling\/\",\"url\":\"https:\/\/dev.kanotkungen.se\/de\/produkt\/boka-paddling\/\",\"name\":\"Kanufahrt buchen - Kanotkungen\",\"isPartOf\":{\"@id\":\"https:\/\/dev.kanotkungen.se\/#website\"},\"datePublished\":\"2021-05-11T12:46:45+00:00\",\"dateModified\":\"2024-03-21T09:27:43+00:00\",\"breadcrumb\":{\"@id\":\"https:\/\/dev.kanotkungen.se\/de\/produkt\/boka-paddling\/#breadcrumb\"},\"inLanguage\":\"de\",\"potentialAction\":[{\"@type\":\"ReadAction\",\"target\":[\"https:\/\/dev.kanotkungen.se\/de\/produkt\/boka-paddling\/\"]}]},{\"@type\":\"BreadcrumbList\",\"@id\":\"https:\/\/dev.kanotkungen.se\/de\/produkt\/boka-paddling\/#breadcrumb\",\"itemListElement\":[{\"@type\":\"ListItem\",\"position\":1,\"name\":\"Home\",\"item\":\"https:\/\/dev.kanotkungen.se\/de\/\"},{\"@type\":\"ListItem\",\"position\":2,\"name\":\"Producten\",\"item\":\"https:\/\/dev.kanotkungen.se\/nl\/shop\/\"},{\"@type\":\"ListItem\",\"position\":3,\"name\":\"Kanufahrt buchen\"}]},{\"@type\":\"WebSite\",\"@id\":\"https:\/\/dev.kanotkungen.se\/#website\",\"url\":\"https:\/\/dev.kanotkungen.se\/\",\"name\":\"Kanotkungen\",\"description\":\"\u00c4ventyret b\u00f6rjar\",\"potentialAction\":[{\"@type\":\"SearchAction\",\"target\":{\"@type\":\"EntryPoint\",\"urlTemplate\":\"https:\/\/dev.kanotkungen.se\/?s={search_term_string}\"},\"query-input\":\"required name=search_term_string\"}],\"inLanguage\":\"de\"}]}<\/script>\n<!-- \/ Yoast SEO plugin. -->","yoast_head_json":{"title":"Kanufahrt buchen - Kanotkungen","robots":{"index":"index","follow":"follow","max-snippet":"max-snippet:-1","max-image-preview":"max-image-preview:large","max-video-preview":"max-video-preview:-1"},"canonical":"https:\/\/dev.kanotkungen.se\/de\/produkt\/boka-paddling\/","og_locale":"de_DE","og_type":"article","og_title":"Kanufahrt buchen - Kanotkungen","og_description":"Willkommen, Ihre n\u00e4chste Paddelerfahrung bei Kanotkungen zu buchen. Wir bieten eine breite Auswahl an Kanus, Kajaks und Kanadiern an. Entdecken Sie den S\u00f6rmlandsleden, von der Kanuroute \u00c5kers Styckebruk nach Vagnh\u00e4rad, weiter nach Trosa und zur Ostsee. Wir bieten alles von Tagesausfl\u00fcgen bis zu 2-4-t\u00e4gigen Touren. Mit unserem Buchungssystem ist es einfach, Ihren n\u00e4chsten Ausflug zu [&hellip;]","og_url":"https:\/\/dev.kanotkungen.se\/de\/produkt\/boka-paddling\/","og_site_name":"Kanotkungen","article_modified_time":"2024-03-21T09:27:43+00:00","twitter_card":"summary_large_image","twitter_misc":{"Gesch\u00e4tzte Lesezeit":"2\u00a0Minuten"},"schema":{"@context":"https:\/\/schema.org","@graph":[{"@type":"WebPage","@id":"https:\/\/dev.kanotkungen.se\/de\/produkt\/boka-paddling\/","url":"https:\/\/dev.kanotkungen.se\/de\/produkt\/boka-paddling\/","name":"Kanufahrt buchen - Kanotkungen","isPartOf":{"@id":"https:\/\/dev.kanotkungen.se\/#website"},"datePublished":"2021-05-11T12:46:45+00:00","dateModified":"2024-03-21T09:27:43+00:00","breadcrumb":{"@id":"https:\/\/dev.kanotkungen.se\/de\/produkt\/boka-paddling\/#breadcrumb"},"inLanguage":"de","potentialAction":[{"@type":"ReadAction","target":["https:\/\/dev.kanotkungen.se\/de\/produkt\/boka-paddling\/"]}]},{"@type":"BreadcrumbList","@id":"https:\/\/dev.kanotkungen.se\/de\/produkt\/boka-paddling\/#breadcrumb","itemListElement":[{"@type":"ListItem","position":1,"name":"Home","item":"https:\/\/dev.kanotkungen.se\/de\/"},{"@type":"ListItem","position":2,"name":"Producten","item":"https:\/\/dev.kanotkungen.se\/nl\/shop\/"},{"@type":"ListItem","position":3,"name":"Kanufahrt buchen"}]},{"@type":"WebSite","@id":"https:\/\/dev.kanotkungen.se\/#website","url":"https:\/\/dev.kanotkungen.se\/","name":"Kanotkungen","description":"\u00c4ventyret b\u00f6rjar","potentialAction":[{"@type":"SearchAction","target":{"@type":"EntryPoint","urlTemplate":"https:\/\/dev.kanotkungen.se\/?s={search_term_string}"},"query-input":"required name=search_term_string"}],"inLanguage":"de"}]}},"_links":{"self":[{"href":"https:\/\/dev.kanotkungen.se\/de\/wp-json\/wp\/v2\/product\/2191"}],"collection":[{"href":"https:\/\/dev.kanotkungen.se\/de\/wp-json\/wp\/v2\/product"}],"about":[{"href":"https:\/\/dev.kanotkungen.se\/de\/wp-json\/wp\/v2\/types\/product"}],"replies":[{"embeddable":true,"href":"https:\/\/dev.kanotkungen.se\/de\/wp-json\/wp\/v2\/comments?post=2191"}],"wp:attachment":[{"href":"https:\/\/dev.kanotkungen.se\/de\/wp-json\/wp\/v2\/media?parent=2191"}],"wp:term":[{"taxonomy":"product_cat","embeddable":true,"href":"https:\/\/dev.kanotkungen.se\/de\/wp-json\/wp\/v2\/product_cat?post=2191"},{"taxonomy":"product_tag","embeddable":true,"href":"https:\/\/dev.kanotkungen.se\/de\/wp-json\/wp\/v2\/product_tag?post=2191"}],"curies":[{"name":"wp","href":"https:\/\/api.w.org\/{rel}","templated":true}]}}