{"id":3971,"date":"2024-02-24T16:09:58","date_gmt":"2024-02-24T15:09:58","guid":{"rendered":"https:\/\/kanotkungen.se\/hyresvillkor-gdpr\/"},"modified":"2024-02-28T11:23:43","modified_gmt":"2024-02-28T10:23:43","slug":"hyresvillkor-gdpr","status":"publish","type":"page","link":"https:\/\/dev.kanotkungen.se\/de\/hyresvillkor-gdpr\/","title":{"rendered":"Mietbedingungen &#038; GDPR"},"content":{"rendered":"<p><strong>1. Unternehmensinformationen<\/strong><br \/>\n<a href=\"http:\/\/kanotkungen.se\" target=\"_blank\" rel=\"noopener\" data-saferedirecturl=\"https:\/\/www.google.com\/url?q=http:\/\/kanotonggen.se&amp;source=gmail&amp;ust=1709201202438000&amp;usg=AOvVaw0-Fo7kV-b5k2xjm2v1Z4Af\">kanotkungen.se<\/a>\u00a0wird bereitgestellt von Kanotkungen AB mit der Organisationsnummer 556474-5791, Kanotkungen AB 556474-5791, in Zusammenarbeit mit OutVentures AB, Organisationsnummer 559241-7819. Informationen und Bilder auf der Website sind Eigentum des Unternehmens oder Partners und d\u00fcrfen nicht ohne Genehmigung kopiert werden.<\/p>\n<p><strong>Kontakt Anschrift:<\/strong><br \/>\nKanotkungen AB<br \/>\nSolbergav\u00e4gen 10E<br \/>\n647 52 \u00c5kers Styckebruk<\/p>\n<p><strong>2. Preise<\/strong><br \/>\nJeder Artikel ist inklusive Mehrwertsteuer in schwedischen Kronen aufgef\u00fchrt. Im Warenkorb sehen Sie den Gesamtpreis inklusive aller Geb\u00fchren wie Mehrwertsteuer, Versand und Zahlungen.<\/p>\n<p><strong>3.1 Zahlung<\/strong><br \/>\nDie Zahlung erfolgt \u00fcber die ausgew\u00e4hlte Zahlungsmethode an der Kasse. Die Zahlungsmethode wird von Bambora zusammen mit Partnern bereitgestellt.<\/p>\n<p><strong>3.2 Kartenzahlung<\/strong><br \/>\nKartenzahlung wird von Visa, MasterCard und Maestro akzeptiert. Die Belastung Ihrer Zahlungskarte erfolgt sofort.<\/p>\n<p><strong>3.3 Swish-Zahlung<\/strong><br \/>\nSwish-Zahlungen werden an der Kasse akzeptiert. Lesen Sie mehr und erhalten Sie Swish unter\u00a0<a href=\"https:\/\/swish.nu\/\" target=\"_blank\" rel=\"noopener\" data-saferedirecturl=\"https:\/\/www.google.com\/url?q=https:\/\/swish.nu&amp;source=gmail&amp;ust=1709201202438000&amp;usg=AOvVaw0tUOpCVj_XWDdbgVCpkHJV\">https:\/\/swish.nu<\/a>.<\/p>\n<p><strong>4.3 Besch\u00e4digte Ware und Reklamationen<\/strong><br \/>\nWenn Sie die Aktivit\u00e4t in der Buchung beginnen, ist es wichtig, dass Sie \u00fcberpr\u00fcfen, ob die Produkte nicht besch\u00e4digt oder falsch sind. Sollte das Produkt fehlerhaft oder besch\u00e4digt sein, haben Sie Anspruch auf ein Ersatzprodukt, sofern verf\u00fcgbar, andernfalls auf eine vollst\u00e4ndige R\u00fcckerstattung.<\/p>\n<p>Der Mieter ist f\u00fcr die optimale Wartung und Nutzung der Ger\u00e4te verantwortlich. Bei offensichtlicher Fahrl\u00e4ssigkeit oder Diebstahl haftet der Mieter f\u00fcr Sch\u00e4den oder Diebstahl.<\/p>\n<p><strong>5. Widerrufsrecht und offener Kauf<\/strong><br \/>\nBezahlte Buchungen sind nicht erstattungsf\u00e4hig. Die Buchung kann bis 24 Stunden vor Beginn auf einen beliebigen Termin verschoben werden, wenn f\u00fcr die Buchung \u201eWettergarantie\u201c (Umbuchungsschutz) erworben wird. Bei Wetterbedingungen, die die Aktivit\u00e4t ungeeignet oder gef\u00e4hrlich machen, wie z. B. Donner, Sturm oder andere Wetterbedingungen, werden volle R\u00fcckerstattungen gew\u00e4hrt. Im Krankheitsfall wird der volle Betrag gegen Vorlage einer Krankmeldung zur\u00fcckerstattet.<\/p>\n<p><strong>6. Verarbeitung personenbezogener Daten<\/strong><br \/>\nUm Ihre Bestellung entgegenzunehmen, zu bearbeiten und zu liefern, verarbeitet Kanotkungen AB Ihre personenbezogenen Daten. Unsere gesamte Verarbeitung personenbezogener Daten erfolgt in \u00dcbereinstimmung mit den geltenden Gesetzen zum Schutz personenbezogener Daten. Weitere Informationen dar\u00fcber, wie wir Ihre personenbezogenen Daten verarbeiten, finden Sie in Anhang 1, Verarbeitung personenbezogener Daten.<\/p>\n<p><strong>7. Kontakt &amp; Kundenservice<\/strong><br \/>\nKontaktieren Sie Kanotkungen AB per E-Mail\u00a0<a href=\"mailto:info@kanotkungen.se\" target=\"_blank\" rel=\"noopener\">info@kanotkungen.se<\/a><\/p>\n<p><strong>8. Kekse<\/strong><br \/>\nEin Cookie ist eine Textdatei, die von einer Website an Ihren Computer gesendet wird, wo sie entweder im Speicher (Session-Cookies) oder als kleine Textdatei (textbasierte Cookies) gespeichert wird. Cookies werden verwendet um z.B. Anmeldeinformationen oder Ihren Warenkorb, wenn Sie auf verschiedenen Websites surfen. Wenn Ihr Browser so eingestellt ist, dass er keine Cookies akzeptiert, k\u00f6nnen Sie keine Bestellung auf unserer Website aufgeben. Dies k\u00f6nnen Sie ganz einfach in den Einstellungen Ihres Browsers \u00e4ndern. Bitte beachten Sie, dass wir keine Cookies verwenden, um pers\u00f6nliche Informationen \u00fcber Sie zu speichern<\/p>\n<p><strong>10.1 H\u00f6here Gewalt<\/strong><br \/>\nH\u00f6here Gewalt wie Krieg, umfangreicher Arbeitskampf, Blockade, Feuer, Umweltkatastrophe, schwerwiegende Infektionsausbreitung oder sonstiges Ausma\u00df, das au\u00dferhalb der Kontrolle der Partei liegt und die Partei an der Erf\u00fcllung ihrer Verpflichtungen hindert und die Partei davon befreit. Die Befreiung gilt unter der Voraussetzung, dass das Gesch\u00e4ft auch unter diesen Bedingungen nicht betrieben werden kann. Die Gegenpartei muss unverz\u00fcglich \u00fcber Umst\u00e4nde informiert werden, die diese Bestimmung betreffen k\u00f6nnten.<\/p>\n<p><strong>10.2 \u00c4nderung der Vertragsbedingungen<\/strong><br \/>\nNachdem der Kunde einen Kauf abgeschlossen hat, ist die Vertriebsgesellschaft nicht berechtigt, die Bedingungen des aktuellen Kaufs zu \u00e4ndern, sofern nichts anderes vereinbart wurde<\/p>\n<p><strong>10.3 Streitigkeiten und Gesetze<\/strong><br \/>\nAuf alle K\u00e4ufe gem\u00e4\u00df diesen Gesch\u00e4ftsbedingungen findet schwedisches Recht Anwendung. Streitigkeiten \u00fcber K\u00e4ufe gem\u00e4\u00df diesen Gesch\u00e4ftsbedingungen werden ausschlie\u00dflich vom schwedischen allgemeinen Gericht verhandelt.<\/p>\n<p>Anhang 1, Verarbeitung personenbezogener Daten<br \/>\nKanotkungen AB,556474-5791,Kanotkungen AB 556474-5791, verarbeitet personenbezogene Daten im Zusammenhang mit dem Handel auf\u00a0<a href=\"https:\/\/katononinggen.se\/\" target=\"_blank\" rel=\"noopener\" data-saferedirecturl=\"https:\/\/www.google.com\/url?q=https:\/\/katononinggen.se&amp;source=gmail&amp;ust=1709201202438000&amp;usg=AOvVaw2pLnr9OeCPcD9Z2c-seVk3\">https:\/\/kanotkungen.se<\/a>\u00a0und ist f\u00fcr die Verarbeitung personenbezogener Daten verantwortlich. Personenbezogene Daten werden verarbeitet, damit Kanotkungen AB ihre Dienstleistungen erbringen kann, haupts\u00e4chlich f\u00fcr die folgenden Zwecke (\u201eZwecke\u201c):<br \/>\n\u2022 Um Ihr pers\u00f6nliches Konto zu erstellen und zu pflegen<br \/>\n\u2022 Um Ihre Bestellungen entgegenzunehmen und zu bearbeiten und Ihre Waren an Sie zu versenden.<br \/>\n\u2022 Um R\u00fccksendungen zu bearbeiten.<br \/>\n\u2022 Um Ihnen SMS-Benachrichtigungen \u00fcber den Buchungsstatus zu senden.<br \/>\n\u2022 Um Ihre Fragen zu beantworten und Sie \u00fcber neue oder ge\u00e4nderte Dienste zu informieren.<br \/>\n\u2022 Um Marketingangebote wie Newsletter und Kataloge zu versenden.<br \/>\n\u2022 Um Ihnen Umfragen zuzusenden, die Ihnen die M\u00f6glichkeit geben, die Angebote und Dienstleistungen von Kanotkungen AB zu beeinflussen.<\/p>\n<p>Bei den verarbeiteten Daten handelt es sich um die von Ihnen eingegebenen Daten, z.B. wenn Sie Bestellungen aufgeben, den Kundendienst kontaktieren oder \u00e4hnliches. Die von Ihnen eingegebenen Informationen umfassen z. Kontaktinformationen, Lieferadresse und bestellte Waren (&#8222;Personenbezogene Daten&#8220;). Die personenbezogenen Daten sind f\u00fcr Kanotkungen AB erforderlich, um die Zwecke erf\u00fcllen zu k\u00f6nnen. Bestimmte Informationen k\u00f6nnen auch \u00f6ffentlichen Aufzeichnungen oder anderen \u00f6ffentlich zug\u00e4nglichen Quellen entnommen werden.<\/p>\n<p>Die Hauptrechtsgrundlage f\u00fcr die Verarbeitung ist, dass die Verarbeitung f\u00fcr Kanotkungen AB erforderlich ist, um seinen Verpflichtungen gegen\u00fcber seinen Kunden nachkommen zu k\u00f6nnen. Bestimmte Behandlungen basieren auch auf dem berechtigten Interesse von Kanotkungen AB, seine Gesch\u00e4fte auf effiziente und sichere Weise f\u00fchren zu k\u00f6nnen, und auf der Verpflichtung von Kanotkungen AB, gesetzliche Verpflichtungen einzuhalten. Die personenbezogenen Daten k\u00f6nnen an Beh\u00f6rden und andere Parteien weitergegeben werden, die Kanotkungen AB zur Erreichung der Zwecke einsetzt, z. zur Lieferung. Diese Akteure k\u00f6nnen ihren Sitz in L\u00e4ndern au\u00dferhalb der EU\/des EWR haben. Wenn die Europ\u00e4ische Kommission nicht der Ansicht ist, dass das Land ein angemessenes Schutzniveau gew\u00e4hrleistet, wird die \u00dcbermittlung an den Dritten durch die Standardvertragsklauseln der Kommission f\u00fcr die \u00dcbermittlung personenbezogener Daten in ein Land au\u00dferhalb der EU\/des EWR unterst\u00fctzt, siehe Artikel 45 -46 der Verordnung 2016\/679 (&#8222;DSGVO&#8220;). Diese Standardvertragsklauseln k\u00f6nnen hier abgerufen werden:\u00a0<a href=\"http:\/\/ec.europa.eu\/justice\/data-protection\/international-transfers\/transfer\/\" target=\"_blank\" rel=\"noopener\" data-saferedirecturl=\"https:\/\/www.google.com\/url?q=http:\/\/ec.europa.eu\/justice\/data-protection\/international-transfers\/transfer\/&amp;source=gmail&amp;ust=1709201202438000&amp;usg=AOvVaw1FAn4gCYBqVXiqIHXAeeh4\">http:\/\/ec.europa.eu\/justice\/<wbr \/>data-protection\/international-<wbr \/>transfers\/transfer\/<\/a>. Die Verarbeitung der personenbezogenen Daten wird so lange fortgesetzt, wie es zur Erf\u00fcllung der Zwecke erforderlich ist oder solange Kanotkungen AB dazu verpflichtet ist. Die personenbezogenen Daten werden dann gel\u00f6scht.<\/p>\n<p>Wenn Sie Fragen zur Verarbeitung der personenbezogenen Daten haben, k\u00f6nnen Sie Kanotkungen AB \u00fcber\u00a0<a href=\"mailto:info@kanotkungen.se\" target=\"_blank\" rel=\"noopener\">info@kanotkungen.se<\/a>\u00a0kontaktieren. Sie k\u00f6nnen diese Adresse auch verwenden, wenn Sie Ihre Rechte als registrierte Person gem\u00e4\u00df der DSGVO aus\u00fcben m\u00f6chten. Bitte beachten Sie, dass die Rechte nach der DSGVO nicht absolut sind und dass die Berufung auf ein Recht nicht unbedingt zu einer Handlung f\u00fchrt.<br \/>\nIhre Rechte nach der DSGVO umfassen Folgendes:<br \/>\n\u2022 Auskunftsrecht \u2013 Gem\u00e4\u00df Artikel 15 DSGVO haben Sie das Recht, auf die personenbezogenen Daten zuzugreifen und \u00fcber die Verarbeitung informiert zu werden. Diese Informationen finden Sie in diesem Dokument.<br \/>\n\u2022 Recht auf Berichtigung \u2013 Gem\u00e4\u00df Artikel 16 DSGVO haben Sie das Recht, Sie betreffende unrichtige personenbezogene Daten unverz\u00fcglich berichtigen zu lassen. Unter Ber\u00fccksichtigung des Verarbeitungszwecks haben Sie auch das Recht, unvollst\u00e4ndige personenbezogene Daten zu vervollst\u00e4ndigen.<br \/>\n\u2022 Recht auf L\u00f6schung (\u201edas Recht auf Vergessenwerden\u201c) \u2013 Unter bestimmten Umst\u00e4nden haben Sie mit Unterst\u00fctzung von Artikel 17 DSGVO das Recht, die personenbezogenen Daten l\u00f6schen zu lassen.<br \/>\n\u2022 Recht auf Einschr\u00e4nkung der Nutzung \u2013 Unter bestimmten Umst\u00e4nden haben Sie das Recht, die Verarbeitung der personenbezogenen Daten gem\u00e4\u00df Artikel 18 DSGVO einzuschr\u00e4nken.<br \/>\n\u2022 Recht auf Daten\u00fcbertragbarkeit \u2013 Gem\u00e4\u00df Artikel 20 DSGVO haben Sie das Recht, die personenbezogenen Daten in einem strukturierten, g\u00e4ngigen und maschinenlesbaren Format zu erhalten. Sie haben auch das Recht, diese Daten einem anderen Verantwortlichen f\u00fcr personenbezogene Daten zu \u00fcbermitteln.<br \/>\n\u2022 Widerspruchsrecht \u2013 Gem\u00e4\u00df Artikel 21 DSGVO haben Sie das Recht, einer bestimmten Verarbeitung personenbezogener Daten zu widersprechen, beispielsweise einer solchen Verarbeitung, die auf den berechtigten Interessen von Kanotkungen AB beruht.<br \/>\n\u2022 Schlie\u00dflich haben Sie auch das Recht, eine Beschwerde bei der Datenschutzbeh\u00f6rde einzureichen, die Sie \u00fcber\u00a0<a href=\"mailto:datainspektionen@datainspektionen.se\" target=\"_blank\" rel=\"noopener\">datainspektionen@<wbr \/>datainspektionen.se<\/a>\u00a0oder 08-657 61 00 erreichen k\u00f6nnen.<\/p>\n","protected":false},"excerpt":{"rendered":"<p>1. Unternehmensinformationen kanotkungen.se\u00a0wird bereitgestellt von Kanotkungen AB mit der Organisationsnummer 556474-5791, Kanotkungen AB 556474-5791, in Zusammenarbeit mit OutVentures AB, Organisationsnummer 559241-7819. Informationen und Bilder auf der Website sind Eigentum des Unternehmens oder Partners und d\u00fcrfen nicht ohne Genehmigung kopiert werden. Kontakt Anschrift: Kanotkungen AB Solbergav\u00e4gen 10E 647 52 \u00c5kers Styckebruk 2. Preise Jeder Artikel ist [&hellip;]<\/p>\n","protected":false},"author":4,"featured_media":0,"parent":0,"menu_order":0,"comment_status":"closed","ping_status":"closed","template":"","meta":{"_acf_changed":false,"_glsr_average":0,"_glsr_ranking":0,"_glsr_reviews":0,"footnotes":""},"acf":[],"yoast_head":"<!-- This site is optimized with the Yoast SEO plugin v23.2 - https:\/\/yoast.com\/wordpress\/plugins\/seo\/ -->\n<title>Mietbedingungen &amp; GDPR - Kanotkungen<\/title>\n<meta name=\"robots\" content=\"index, follow, max-snippet:-1, max-image-preview:large, max-video-preview:-1\" \/>\n<link rel=\"canonical\" href=\"https:\/\/dev.kanotkungen.se\/de\/hyresvillkor-gdpr\/\" \/>\n<meta property=\"og:locale\" content=\"de_DE\" \/>\n<meta property=\"og:type\" content=\"article\" \/>\n<meta property=\"og:title\" content=\"Mietbedingungen &amp; GDPR - Kanotkungen\" \/>\n<meta property=\"og:description\" content=\"1. Unternehmensinformationen kanotkungen.se\u00a0wird bereitgestellt von Kanotkungen AB mit der Organisationsnummer 556474-5791, Kanotkungen AB 556474-5791, in Zusammenarbeit mit OutVentures AB, Organisationsnummer 559241-7819. Informationen und Bilder auf der Website sind Eigentum des Unternehmens oder Partners und d\u00fcrfen nicht ohne Genehmigung kopiert werden. Kontakt Anschrift: Kanotkungen AB Solbergav\u00e4gen 10E 647 52 \u00c5kers Styckebruk 2. Preise Jeder Artikel ist [&hellip;]\" \/>\n<meta property=\"og:url\" content=\"https:\/\/dev.kanotkungen.se\/de\/hyresvillkor-gdpr\/\" \/>\n<meta property=\"og:site_name\" content=\"Kanotkungen\" \/>\n<meta property=\"article:modified_time\" content=\"2024-02-28T10:23:43+00:00\" \/>\n<meta name=\"twitter:card\" content=\"summary_large_image\" \/>\n<meta name=\"twitter:label1\" content=\"Gesch\u00e4tzte Lesezeit\" \/>\n\t<meta name=\"twitter:data1\" content=\"6\u00a0Minuten\" \/>\n<script type=\"application\/ld+json\" class=\"yoast-schema-graph\">{\"@context\":\"https:\/\/schema.org\",\"@graph\":[{\"@type\":\"WebPage\",\"@id\":\"https:\/\/dev.kanotkungen.se\/de\/hyresvillkor-gdpr\/\",\"url\":\"https:\/\/dev.kanotkungen.se\/de\/hyresvillkor-gdpr\/\",\"name\":\"Mietbedingungen & GDPR - Kanotkungen\",\"isPartOf\":{\"@id\":\"https:\/\/dev.kanotkungen.se\/#website\"},\"datePublished\":\"2024-02-24T15:09:58+00:00\",\"dateModified\":\"2024-02-28T10:23:43+00:00\",\"breadcrumb\":{\"@id\":\"https:\/\/dev.kanotkungen.se\/de\/hyresvillkor-gdpr\/#breadcrumb\"},\"inLanguage\":\"de\",\"potentialAction\":[{\"@type\":\"ReadAction\",\"target\":[\"https:\/\/dev.kanotkungen.se\/de\/hyresvillkor-gdpr\/\"]}]},{\"@type\":\"BreadcrumbList\",\"@id\":\"https:\/\/dev.kanotkungen.se\/de\/hyresvillkor-gdpr\/#breadcrumb\",\"itemListElement\":[{\"@type\":\"ListItem\",\"position\":1,\"name\":\"Home\",\"item\":\"https:\/\/dev.kanotkungen.se\/de\/\"},{\"@type\":\"ListItem\",\"position\":2,\"name\":\"Mietbedingungen &#038; GDPR\"}]},{\"@type\":\"WebSite\",\"@id\":\"https:\/\/dev.kanotkungen.se\/#website\",\"url\":\"https:\/\/dev.kanotkungen.se\/\",\"name\":\"Kanotkungen\",\"description\":\"\u00c4ventyret b\u00f6rjar\",\"potentialAction\":[{\"@type\":\"SearchAction\",\"target\":{\"@type\":\"EntryPoint\",\"urlTemplate\":\"https:\/\/dev.kanotkungen.se\/?s={search_term_string}\"},\"query-input\":\"required name=search_term_string\"}],\"inLanguage\":\"de\"}]}<\/script>\n<!-- \/ Yoast SEO plugin. -->","yoast_head_json":{"title":"Mietbedingungen & GDPR - Kanotkungen","robots":{"index":"index","follow":"follow","max-snippet":"max-snippet:-1","max-image-preview":"max-image-preview:large","max-video-preview":"max-video-preview:-1"},"canonical":"https:\/\/dev.kanotkungen.se\/de\/hyresvillkor-gdpr\/","og_locale":"de_DE","og_type":"article","og_title":"Mietbedingungen & GDPR - Kanotkungen","og_description":"1. Unternehmensinformationen kanotkungen.se\u00a0wird bereitgestellt von Kanotkungen AB mit der Organisationsnummer 556474-5791, Kanotkungen AB 556474-5791, in Zusammenarbeit mit OutVentures AB, Organisationsnummer 559241-7819. Informationen und Bilder auf der Website sind Eigentum des Unternehmens oder Partners und d\u00fcrfen nicht ohne Genehmigung kopiert werden. Kontakt Anschrift: Kanotkungen AB Solbergav\u00e4gen 10E 647 52 \u00c5kers Styckebruk 2. Preise Jeder Artikel ist [&hellip;]","og_url":"https:\/\/dev.kanotkungen.se\/de\/hyresvillkor-gdpr\/","og_site_name":"Kanotkungen","article_modified_time":"2024-02-28T10:23:43+00:00","twitter_card":"summary_large_image","twitter_misc":{"Gesch\u00e4tzte Lesezeit":"6\u00a0Minuten"},"schema":{"@context":"https:\/\/schema.org","@graph":[{"@type":"WebPage","@id":"https:\/\/dev.kanotkungen.se\/de\/hyresvillkor-gdpr\/","url":"https:\/\/dev.kanotkungen.se\/de\/hyresvillkor-gdpr\/","name":"Mietbedingungen & GDPR - Kanotkungen","isPartOf":{"@id":"https:\/\/dev.kanotkungen.se\/#website"},"datePublished":"2024-02-24T15:09:58+00:00","dateModified":"2024-02-28T10:23:43+00:00","breadcrumb":{"@id":"https:\/\/dev.kanotkungen.se\/de\/hyresvillkor-gdpr\/#breadcrumb"},"inLanguage":"de","potentialAction":[{"@type":"ReadAction","target":["https:\/\/dev.kanotkungen.se\/de\/hyresvillkor-gdpr\/"]}]},{"@type":"BreadcrumbList","@id":"https:\/\/dev.kanotkungen.se\/de\/hyresvillkor-gdpr\/#breadcrumb","itemListElement":[{"@type":"ListItem","position":1,"name":"Home","item":"https:\/\/dev.kanotkungen.se\/de\/"},{"@type":"ListItem","position":2,"name":"Mietbedingungen &#038; GDPR"}]},{"@type":"WebSite","@id":"https:\/\/dev.kanotkungen.se\/#website","url":"https:\/\/dev.kanotkungen.se\/","name":"Kanotkungen","description":"\u00c4ventyret b\u00f6rjar","potentialAction":[{"@type":"SearchAction","target":{"@type":"EntryPoint","urlTemplate":"https:\/\/dev.kanotkungen.se\/?s={search_term_string}"},"query-input":"required name=search_term_string"}],"inLanguage":"de"}]}},"_links":{"self":[{"href":"https:\/\/dev.kanotkungen.se\/de\/wp-json\/wp\/v2\/pages\/3971"}],"collection":[{"href":"https:\/\/dev.kanotkungen.se\/de\/wp-json\/wp\/v2\/pages"}],"about":[{"href":"https:\/\/dev.kanotkungen.se\/de\/wp-json\/wp\/v2\/types\/page"}],"author":[{"embeddable":true,"href":"https:\/\/dev.kanotkungen.se\/de\/wp-json\/wp\/v2\/users\/4"}],"replies":[{"embeddable":true,"href":"https:\/\/dev.kanotkungen.se\/de\/wp-json\/wp\/v2\/comments?post=3971"}],"version-history":[{"count":0,"href":"https:\/\/dev.kanotkungen.se\/de\/wp-json\/wp\/v2\/pages\/3971\/revisions"}],"wp:attachment":[{"href":"https:\/\/dev.kanotkungen.se\/de\/wp-json\/wp\/v2\/media?parent=3971"}],"curies":[{"name":"wp","href":"https:\/\/api.w.org\/{rel}","templated":true}]}}