{"id":3903,"date":"2024-02-24T14:13:46","date_gmt":"2024-02-24T13:13:46","guid":{"rendered":"https:\/\/kanotkungen.se\/boende-i-narheten\/"},"modified":"2024-02-24T16:52:01","modified_gmt":"2024-02-24T15:52:01","slug":"boende-i-narheten","status":"publish","type":"page","link":"https:\/\/dev.kanotkungen.se\/de\/boende-i-narheten\/","title":{"rendered":"Underkunft in der N\u00e4he"},"content":{"rendered":"<h3>Willkommen bei Kanotkungen! Hier teilen wir unsere besten Tipps f\u00fcr Unterk\u00fcnfte in der N\u00e4he Ihres Paddelerlebnisses. Erkunden Sie unsere Empfehlungen unten und schaffen Sie eine komfortable und unvergessliche Zeit f\u00fcr Ihr n\u00e4chstes Abenteuer auf dem Wasser.<\/h3>\n<h3><\/h3>\n<h3>Unterk\u00fcnfte in der N\u00e4he von Kanotkungen \u00c5kers Styckebruk, 10-20 Minuten entfernt.<\/h3>\n<p>Mariefred:<br \/>\nHotell R\u00f6da Magasinet <a href=\"http:\/\/www.rodamagasinet.com\">rodamagasinet.com<\/a><br \/>\nGripsholms V\u00e4rdshus <a href=\"https:\/\/www.gripsholms-vardshus.se\/\">gripsholms-vardshus.se<\/a><br \/>\nGripsholms BnB <a href=\"https:\/\/gripsholmsbnb.se\/\">gripsholmsbnb.se<\/a><br \/>\nSkomakarg\u00e5rden B&amp;B <a href=\"https:\/\/www.skomakargarden.se\/\">skomakargarden.se<\/a><br \/>\nIn my garden Clamping <a href=\"https:\/\/inmygardenglamping.se\/\">inmygardenglamping.se<\/a><br \/>\nMariefreds Camping <a href=\"https:\/\/www.mariefredscamping.com\/\">mariefredscamping.com<\/a><\/p>\n<p>Str\u00e4ngn\u00e4s:<br \/>\nL\u00e5sta G\u00e5rdshotell<a href=\"https:\/\/lastad.se\/\"> lastad.se<\/a><br \/>\nHotel Bishops arms <a href=\"https:\/\/www.bishopsarms.com\/vara-pubar\/strangnas\/\">bishopsarms.com<\/a><br \/>\nHotell Laurentius <a href=\"https:\/\/www.hotellaurentius.se\/en\/\">hotellaurentius.se<\/a><br \/>\nMalmg\u00e5rdens Vandrarhem <a href=\"https:\/\/www.malmgarden.com\/\">malmgarden.com<\/a><br \/>\nUlvh\u00e4lls Herrg\u00e5rd <a href=\"https:\/\/www.ulvhall.se\/en\">ulvhall.se<\/a><br \/>\nPensionat Gyllenhjelmsgatan <a href=\"https:\/\/isawird.wixsite.com\/bnbgyllenhjelmsgatan\">isawird.wixsite.com<\/a><br \/>\nKrampans Logi +46 70 637 2939<\/p>\n<p>&nbsp;<\/p>\n<h3>Unterk\u00fcnfte 20 Minuten oder l\u00e4nger entfernt<\/h3>\n<p>Gnesta:<br \/>\nM\u00e4lby S\u00e4teri B&amp;B <a href=\"https:\/\/malbysateri.se\/\">malbysateri.se<\/a><br \/>\nStrandvillan Gnesta: <a href=\"https:\/\/www.airbnb.se\/rooms\/22694106?source_impression_id=p3_1708436601_lngxKv3KKzaAZMDH\">airbnb.se<\/a><\/p>\n<p>Vagnh\u00e4rad:<br \/>\nSund Nerg\u00e5rd <a href=\"https:\/\/sundnergarden.se\/\">sundnergarden.se<\/a><\/p>\n<p>Trosa:<br \/>\nTrosa Vandrarhem<a href=\"https:\/\/trosavandrarhem.se\/\"> trosavandrarhem.se<\/a><br \/>\nH\u00e5llsvikens G\u00e5rd <a href=\"https:\/\/www.bergsgard.se\/\">bergsgard.se<\/a><br \/>\nBromans hotell Trosa <a href=\"https:\/\/www.bomans.se\/\">bomans.se<\/a><br \/>\nTrosa Stadshotell &amp; Spa <a href=\"https:\/\/www.trosastadshotell.se\/\">trosastadshotell.se<\/a><br \/>\nTv\u00e5 Sm\u00e5 Svin Trosa BnB <a href=\"https:\/\/www.tvasmasvintrosa.se\/\">tvasmasvintrosa.se<\/a><br \/>\nTre Sm\u00e5 Rum i Trosa <a href=\"https:\/\/tresmarumitrosa.se\/\">tresmarumitrosa.se<\/a><br \/>\n\u00c5da Golf &amp; Country Club <a href=\"https:\/\/adagolf.se\/sv\">adagolf.se<\/a><br \/>\nVilla Vega <a href=\"https:\/\/www.villavega.se\/\">villavega.se<\/a><br \/>\nTrosa Havsbad<a href=\"https:\/\/www.trosahavsbad.com\/\"> trosahavsbad.com<\/a><\/p>\n<h3><\/h3>\n<h3>Unterk\u00fcnfte \u00fcber 20 Minuten entfernt<\/h3>\n<p>Sparreholm Bed and Breakfast <a href=\"https:\/\/www.sparreholmbnb.se\">sparreholmbnb.se<\/a><br \/>\nSolbacka Krog och Rum <a href=\"https:\/\/solbackakrog.se\/\">solbackakrog.se<\/a><br \/>\nS\u00f6dertuna slott <a href=\"https:\/\/www.sodertuna.se\/\">sodertuna.se<\/a><br \/>\nMyssj\u00f6 G\u00e5rd <a href=\"https:\/\/myssjogard.se\/sv\/brollop\">myssjogard.se<\/a><\/p>\n<p>&nbsp;<\/p>\n<h3>Beim Paddeln<\/h3>\n<p>\u00c5kers Styckebruk mot Trosa<br \/>\nKrampans Logi +46 70 637 2939<br \/>\nStrandvillan Gnesta: <a href=\"https:\/\/www.airbnb.se\/rooms\/22694106?source_impression_id=p3_1708436601_lngxKv3KKzaAZMDH\">airbnb.se<\/a><br \/>\nM\u00e4lby S\u00e4teri B&amp;B <a href=\"https:\/\/malbysateri.se\/\">malbysateri.se<\/a><br \/>\nStrandvillan Gnesta: <a href=\"https:\/\/www.airbnb.se\/rooms\/22694106?source_impression_id=p3_1708436601_lngxKv3KKzaAZMDH\">airbnb.se<\/a><br \/>\nSund Nerg\u00e5rd <a href=\"https:\/\/sundnergarden.se\/\">sundnergarden.se<\/a><\/p>\n","protected":false},"excerpt":{"rendered":"<p>Willkommen bei Kanotkungen! Hier teilen wir unsere besten Tipps f\u00fcr Unterk\u00fcnfte in der N\u00e4he Ihres Paddelerlebnisses. Erkunden Sie unsere Empfehlungen unten und schaffen Sie eine komfortable und unvergessliche Zeit f\u00fcr Ihr n\u00e4chstes Abenteuer auf dem Wasser. Unterk\u00fcnfte in der N\u00e4he von Kanotkungen \u00c5kers Styckebruk, 10-20 Minuten entfernt. Mariefred: Hotell R\u00f6da Magasinet rodamagasinet.com Gripsholms V\u00e4rdshus gripsholms-vardshus.se [&hellip;]<\/p>\n","protected":false},"author":4,"featured_media":0,"parent":0,"menu_order":0,"comment_status":"closed","ping_status":"closed","template":"","meta":{"_acf_changed":false,"_glsr_average":0,"_glsr_ranking":0,"_glsr_reviews":0,"footnotes":""},"acf":[],"yoast_head":"<!-- This site is optimized with the Yoast SEO plugin v23.2 - https:\/\/yoast.com\/wordpress\/plugins\/seo\/ -->\n<title>Underkunft in der N\u00e4he - Kanotkungen<\/title>\n<meta name=\"description\" content=\"V\u00e4lkommen till Kanotkungen! H\u00e4r delar vi med oss av v\u00e5ra b\u00e4sta tips p\u00e5 boenden n\u00e4ra din paddlingsupplevelse. Utforska v\u00e5ra rekommendationer nedan och skapa en bekv\u00e4m och minnesv\u00e4rd tid f\u00f6r ditt n\u00e4sta \u00e4ventyr p\u00e5 vattnet.\" \/>\n<meta name=\"robots\" content=\"index, follow, max-snippet:-1, max-image-preview:large, max-video-preview:-1\" \/>\n<link rel=\"canonical\" href=\"https:\/\/dev.kanotkungen.se\/de\/boende-i-narheten\/\" \/>\n<meta property=\"og:locale\" content=\"de_DE\" \/>\n<meta property=\"og:type\" content=\"article\" \/>\n<meta property=\"og:title\" content=\"Underkunft in der N\u00e4he - Kanotkungen\" \/>\n<meta property=\"og:description\" content=\"V\u00e4lkommen till Kanotkungen! H\u00e4r delar vi med oss av v\u00e5ra b\u00e4sta tips p\u00e5 boenden n\u00e4ra din paddlingsupplevelse. Utforska v\u00e5ra rekommendationer nedan och skapa en bekv\u00e4m och minnesv\u00e4rd tid f\u00f6r ditt n\u00e4sta \u00e4ventyr p\u00e5 vattnet.\" \/>\n<meta property=\"og:url\" content=\"https:\/\/dev.kanotkungen.se\/de\/boende-i-narheten\/\" \/>\n<meta property=\"og:site_name\" content=\"Kanotkungen\" \/>\n<meta property=\"article:modified_time\" content=\"2024-02-24T15:52:01+00:00\" \/>\n<meta name=\"twitter:card\" content=\"summary_large_image\" \/>\n<meta name=\"twitter:label1\" content=\"Gesch\u00e4tzte Lesezeit\" \/>\n\t<meta name=\"twitter:data1\" content=\"1\u00a0Minute\" \/>\n<script type=\"application\/ld+json\" class=\"yoast-schema-graph\">{\"@context\":\"https:\/\/schema.org\",\"@graph\":[{\"@type\":\"WebPage\",\"@id\":\"https:\/\/dev.kanotkungen.se\/de\/boende-i-narheten\/\",\"url\":\"https:\/\/dev.kanotkungen.se\/de\/boende-i-narheten\/\",\"name\":\"Underkunft in der N\u00e4he - Kanotkungen\",\"isPartOf\":{\"@id\":\"https:\/\/dev.kanotkungen.se\/#website\"},\"datePublished\":\"2024-02-24T13:13:46+00:00\",\"dateModified\":\"2024-02-24T15:52:01+00:00\",\"description\":\"V\u00e4lkommen till Kanotkungen! H\u00e4r delar vi med oss av v\u00e5ra b\u00e4sta tips p\u00e5 boenden n\u00e4ra din paddlingsupplevelse. Utforska v\u00e5ra rekommendationer nedan och skapa en bekv\u00e4m och minnesv\u00e4rd tid f\u00f6r ditt n\u00e4sta \u00e4ventyr p\u00e5 vattnet.\",\"breadcrumb\":{\"@id\":\"https:\/\/dev.kanotkungen.se\/de\/boende-i-narheten\/#breadcrumb\"},\"inLanguage\":\"de\",\"potentialAction\":[{\"@type\":\"ReadAction\",\"target\":[\"https:\/\/dev.kanotkungen.se\/de\/boende-i-narheten\/\"]}]},{\"@type\":\"BreadcrumbList\",\"@id\":\"https:\/\/dev.kanotkungen.se\/de\/boende-i-narheten\/#breadcrumb\",\"itemListElement\":[{\"@type\":\"ListItem\",\"position\":1,\"name\":\"Home\",\"item\":\"https:\/\/dev.kanotkungen.se\/de\/\"},{\"@type\":\"ListItem\",\"position\":2,\"name\":\"Underkunft in der N\u00e4he\"}]},{\"@type\":\"WebSite\",\"@id\":\"https:\/\/dev.kanotkungen.se\/#website\",\"url\":\"https:\/\/dev.kanotkungen.se\/\",\"name\":\"Kanotkungen\",\"description\":\"\u00c4ventyret b\u00f6rjar\",\"potentialAction\":[{\"@type\":\"SearchAction\",\"target\":{\"@type\":\"EntryPoint\",\"urlTemplate\":\"https:\/\/dev.kanotkungen.se\/?s={search_term_string}\"},\"query-input\":\"required name=search_term_string\"}],\"inLanguage\":\"de\"}]}<\/script>\n<!-- \/ Yoast SEO plugin. -->","yoast_head_json":{"title":"Underkunft in der N\u00e4he - Kanotkungen","description":"V\u00e4lkommen till Kanotkungen! H\u00e4r delar vi med oss av v\u00e5ra b\u00e4sta tips p\u00e5 boenden n\u00e4ra din paddlingsupplevelse. Utforska v\u00e5ra rekommendationer nedan och skapa en bekv\u00e4m och minnesv\u00e4rd tid f\u00f6r ditt n\u00e4sta \u00e4ventyr p\u00e5 vattnet.","robots":{"index":"index","follow":"follow","max-snippet":"max-snippet:-1","max-image-preview":"max-image-preview:large","max-video-preview":"max-video-preview:-1"},"canonical":"https:\/\/dev.kanotkungen.se\/de\/boende-i-narheten\/","og_locale":"de_DE","og_type":"article","og_title":"Underkunft in der N\u00e4he - Kanotkungen","og_description":"V\u00e4lkommen till Kanotkungen! H\u00e4r delar vi med oss av v\u00e5ra b\u00e4sta tips p\u00e5 boenden n\u00e4ra din paddlingsupplevelse. Utforska v\u00e5ra rekommendationer nedan och skapa en bekv\u00e4m och minnesv\u00e4rd tid f\u00f6r ditt n\u00e4sta \u00e4ventyr p\u00e5 vattnet.","og_url":"https:\/\/dev.kanotkungen.se\/de\/boende-i-narheten\/","og_site_name":"Kanotkungen","article_modified_time":"2024-02-24T15:52:01+00:00","twitter_card":"summary_large_image","twitter_misc":{"Gesch\u00e4tzte Lesezeit":"1\u00a0Minute"},"schema":{"@context":"https:\/\/schema.org","@graph":[{"@type":"WebPage","@id":"https:\/\/dev.kanotkungen.se\/de\/boende-i-narheten\/","url":"https:\/\/dev.kanotkungen.se\/de\/boende-i-narheten\/","name":"Underkunft in der N\u00e4he - Kanotkungen","isPartOf":{"@id":"https:\/\/dev.kanotkungen.se\/#website"},"datePublished":"2024-02-24T13:13:46+00:00","dateModified":"2024-02-24T15:52:01+00:00","description":"V\u00e4lkommen till Kanotkungen! H\u00e4r delar vi med oss av v\u00e5ra b\u00e4sta tips p\u00e5 boenden n\u00e4ra din paddlingsupplevelse. Utforska v\u00e5ra rekommendationer nedan och skapa en bekv\u00e4m och minnesv\u00e4rd tid f\u00f6r ditt n\u00e4sta \u00e4ventyr p\u00e5 vattnet.","breadcrumb":{"@id":"https:\/\/dev.kanotkungen.se\/de\/boende-i-narheten\/#breadcrumb"},"inLanguage":"de","potentialAction":[{"@type":"ReadAction","target":["https:\/\/dev.kanotkungen.se\/de\/boende-i-narheten\/"]}]},{"@type":"BreadcrumbList","@id":"https:\/\/dev.kanotkungen.se\/de\/boende-i-narheten\/#breadcrumb","itemListElement":[{"@type":"ListItem","position":1,"name":"Home","item":"https:\/\/dev.kanotkungen.se\/de\/"},{"@type":"ListItem","position":2,"name":"Underkunft in der N\u00e4he"}]},{"@type":"WebSite","@id":"https:\/\/dev.kanotkungen.se\/#website","url":"https:\/\/dev.kanotkungen.se\/","name":"Kanotkungen","description":"\u00c4ventyret b\u00f6rjar","potentialAction":[{"@type":"SearchAction","target":{"@type":"EntryPoint","urlTemplate":"https:\/\/dev.kanotkungen.se\/?s={search_term_string}"},"query-input":"required name=search_term_string"}],"inLanguage":"de"}]}},"_links":{"self":[{"href":"https:\/\/dev.kanotkungen.se\/de\/wp-json\/wp\/v2\/pages\/3903"}],"collection":[{"href":"https:\/\/dev.kanotkungen.se\/de\/wp-json\/wp\/v2\/pages"}],"about":[{"href":"https:\/\/dev.kanotkungen.se\/de\/wp-json\/wp\/v2\/types\/page"}],"author":[{"embeddable":true,"href":"https:\/\/dev.kanotkungen.se\/de\/wp-json\/wp\/v2\/users\/4"}],"replies":[{"embeddable":true,"href":"https:\/\/dev.kanotkungen.se\/de\/wp-json\/wp\/v2\/comments?post=3903"}],"version-history":[{"count":0,"href":"https:\/\/dev.kanotkungen.se\/de\/wp-json\/wp\/v2\/pages\/3903\/revisions"}],"wp:attachment":[{"href":"https:\/\/dev.kanotkungen.se\/de\/wp-json\/wp\/v2\/media?parent=3903"}],"curies":[{"name":"wp","href":"https:\/\/api.w.org\/{rel}","templated":true}]}}