{"id":3331,"date":"2021-06-24T11:27:19","date_gmt":"2021-06-24T09:27:19","guid":{"rendered":"https:\/\/kanotkungen.se\/vanliga-fragor\/"},"modified":"2023-02-01T08:18:20","modified_gmt":"2023-02-01T07:18:20","slug":"vanliga-fragor","status":"publish","type":"page","link":"https:\/\/dev.kanotkungen.se\/de\/vanliga-fragor\/","title":{"rendered":"H\u00e4ufig gestellte fragen?"},"content":{"rendered":"","protected":false},"excerpt":{"rendered":"","protected":false},"author":1,"featured_media":0,"parent":0,"menu_order":0,"comment_status":"closed","ping_status":"closed","template":"","meta":{"_acf_changed":false,"_glsr_average":0,"_glsr_ranking":0,"_glsr_reviews":0,"footnotes":""},"acf":[],"yoast_head":"<!-- This site is optimized with the Yoast SEO plugin v23.2 - https:\/\/yoast.com\/wordpress\/plugins\/seo\/ -->\n<title>Vanliga fr\u00e5gor - Hitta svaret h\u00e4r eller kontakta oss p\u00e5 Kanotkungen<\/title>\n<meta name=\"description\" content=\"Vanliga fr\u00e5gor till oss p\u00e5 Kanotkungen och om v\u00e5r paddling. Ofta hittar ni svaret p\u00e5 era fr\u00e5gor h\u00e4r annars \u00e4r ni v\u00e4lkomna att kontakta oss.\" \/>\n<meta name=\"robots\" content=\"index, follow, max-snippet:-1, max-image-preview:large, max-video-preview:-1\" \/>\n<link rel=\"canonical\" href=\"https:\/\/dev.kanotkungen.se\/de\/vanliga-fragor\/\" \/>\n<meta property=\"og:locale\" content=\"de_DE\" \/>\n<meta property=\"og:type\" content=\"article\" \/>\n<meta property=\"og:title\" content=\"Vanliga fr\u00e5gor - Hitta svaret h\u00e4r eller kontakta oss p\u00e5 Kanotkungen\" \/>\n<meta property=\"og:description\" content=\"Vanliga fr\u00e5gor till oss p\u00e5 Kanotkungen och om v\u00e5r paddling. Ofta hittar ni svaret p\u00e5 era fr\u00e5gor h\u00e4r annars \u00e4r ni v\u00e4lkomna att kontakta oss.\" \/>\n<meta property=\"og:url\" content=\"https:\/\/dev.kanotkungen.se\/de\/vanliga-fragor\/\" \/>\n<meta property=\"og:site_name\" content=\"Kanotkungen\" \/>\n<meta property=\"article:modified_time\" content=\"2023-02-01T07:18:20+00:00\" \/>\n<meta name=\"twitter:card\" content=\"summary_large_image\" \/>\n<script type=\"application\/ld+json\" class=\"yoast-schema-graph\">{\"@context\":\"https:\/\/schema.org\",\"@graph\":[{\"@type\":\"WebPage\",\"@id\":\"https:\/\/dev.kanotkungen.se\/de\/vanliga-fragor\/\",\"url\":\"https:\/\/dev.kanotkungen.se\/de\/vanliga-fragor\/\",\"name\":\"Vanliga fr\u00e5gor - Hitta svaret h\u00e4r eller kontakta oss p\u00e5 Kanotkungen\",\"isPartOf\":{\"@id\":\"https:\/\/dev.kanotkungen.se\/#website\"},\"datePublished\":\"2021-06-24T09:27:19+00:00\",\"dateModified\":\"2023-02-01T07:18:20+00:00\",\"description\":\"Vanliga fr\u00e5gor till oss p\u00e5 Kanotkungen och om v\u00e5r paddling. Ofta hittar ni svaret p\u00e5 era fr\u00e5gor h\u00e4r annars \u00e4r ni v\u00e4lkomna att kontakta oss.\",\"breadcrumb\":{\"@id\":\"https:\/\/dev.kanotkungen.se\/de\/vanliga-fragor\/#breadcrumb\"},\"inLanguage\":\"de\",\"potentialAction\":[{\"@type\":\"ReadAction\",\"target\":[\"https:\/\/dev.kanotkungen.se\/de\/vanliga-fragor\/\"]}]},{\"@type\":\"BreadcrumbList\",\"@id\":\"https:\/\/dev.kanotkungen.se\/de\/vanliga-fragor\/#breadcrumb\",\"itemListElement\":[{\"@type\":\"ListItem\",\"position\":1,\"name\":\"Home\",\"item\":\"https:\/\/dev.kanotkungen.se\/de\/\"},{\"@type\":\"ListItem\",\"position\":2,\"name\":\"H\u00e4ufig gestellte fragen?\"}]},{\"@type\":\"WebSite\",\"@id\":\"https:\/\/dev.kanotkungen.se\/#website\",\"url\":\"https:\/\/dev.kanotkungen.se\/\",\"name\":\"Kanotkungen\",\"description\":\"\u00c4ventyret b\u00f6rjar\",\"potentialAction\":[{\"@type\":\"SearchAction\",\"target\":{\"@type\":\"EntryPoint\",\"urlTemplate\":\"https:\/\/dev.kanotkungen.se\/?s={search_term_string}\"},\"query-input\":\"required name=search_term_string\"}],\"inLanguage\":\"de\"}]}<\/script>\n<!-- \/ Yoast SEO plugin. -->","yoast_head_json":{"title":"Vanliga fr\u00e5gor - Hitta svaret h\u00e4r eller kontakta oss p\u00e5 Kanotkungen","description":"Vanliga fr\u00e5gor till oss p\u00e5 Kanotkungen och om v\u00e5r paddling. Ofta hittar ni svaret p\u00e5 era fr\u00e5gor h\u00e4r annars \u00e4r ni v\u00e4lkomna att kontakta oss.","robots":{"index":"index","follow":"follow","max-snippet":"max-snippet:-1","max-image-preview":"max-image-preview:large","max-video-preview":"max-video-preview:-1"},"canonical":"https:\/\/dev.kanotkungen.se\/de\/vanliga-fragor\/","og_locale":"de_DE","og_type":"article","og_title":"Vanliga fr\u00e5gor - Hitta svaret h\u00e4r eller kontakta oss p\u00e5 Kanotkungen","og_description":"Vanliga fr\u00e5gor till oss p\u00e5 Kanotkungen och om v\u00e5r paddling. Ofta hittar ni svaret p\u00e5 era fr\u00e5gor h\u00e4r annars \u00e4r ni v\u00e4lkomna att kontakta oss.","og_url":"https:\/\/dev.kanotkungen.se\/de\/vanliga-fragor\/","og_site_name":"Kanotkungen","article_modified_time":"2023-02-01T07:18:20+00:00","twitter_card":"summary_large_image","schema":{"@context":"https:\/\/schema.org","@graph":[{"@type":"WebPage","@id":"https:\/\/dev.kanotkungen.se\/de\/vanliga-fragor\/","url":"https:\/\/dev.kanotkungen.se\/de\/vanliga-fragor\/","name":"Vanliga fr\u00e5gor - Hitta svaret h\u00e4r eller kontakta oss p\u00e5 Kanotkungen","isPartOf":{"@id":"https:\/\/dev.kanotkungen.se\/#website"},"datePublished":"2021-06-24T09:27:19+00:00","dateModified":"2023-02-01T07:18:20+00:00","description":"Vanliga fr\u00e5gor till oss p\u00e5 Kanotkungen och om v\u00e5r paddling. Ofta hittar ni svaret p\u00e5 era fr\u00e5gor h\u00e4r annars \u00e4r ni v\u00e4lkomna att kontakta oss.","breadcrumb":{"@id":"https:\/\/dev.kanotkungen.se\/de\/vanliga-fragor\/#breadcrumb"},"inLanguage":"de","potentialAction":[{"@type":"ReadAction","target":["https:\/\/dev.kanotkungen.se\/de\/vanliga-fragor\/"]}]},{"@type":"BreadcrumbList","@id":"https:\/\/dev.kanotkungen.se\/de\/vanliga-fragor\/#breadcrumb","itemListElement":[{"@type":"ListItem","position":1,"name":"Home","item":"https:\/\/dev.kanotkungen.se\/de\/"},{"@type":"ListItem","position":2,"name":"H\u00e4ufig gestellte fragen?"}]},{"@type":"WebSite","@id":"https:\/\/dev.kanotkungen.se\/#website","url":"https:\/\/dev.kanotkungen.se\/","name":"Kanotkungen","description":"\u00c4ventyret b\u00f6rjar","potentialAction":[{"@type":"SearchAction","target":{"@type":"EntryPoint","urlTemplate":"https:\/\/dev.kanotkungen.se\/?s={search_term_string}"},"query-input":"required name=search_term_string"}],"inLanguage":"de"}]}},"_links":{"self":[{"href":"https:\/\/dev.kanotkungen.se\/de\/wp-json\/wp\/v2\/pages\/3331"}],"collection":[{"href":"https:\/\/dev.kanotkungen.se\/de\/wp-json\/wp\/v2\/pages"}],"about":[{"href":"https:\/\/dev.kanotkungen.se\/de\/wp-json\/wp\/v2\/types\/page"}],"author":[{"embeddable":true,"href":"https:\/\/dev.kanotkungen.se\/de\/wp-json\/wp\/v2\/users\/1"}],"replies":[{"embeddable":true,"href":"https:\/\/dev.kanotkungen.se\/de\/wp-json\/wp\/v2\/comments?post=3331"}],"version-history":[{"count":0,"href":"https:\/\/dev.kanotkungen.se\/de\/wp-json\/wp\/v2\/pages\/3331\/revisions"}],"wp:attachment":[{"href":"https:\/\/dev.kanotkungen.se\/de\/wp-json\/wp\/v2\/media?parent=3331"}],"curies":[{"name":"wp","href":"https:\/\/api.w.org\/{rel}","templated":true}]}}