{"id":2182,"date":"2019-02-07T12:57:21","date_gmt":"2019-02-07T11:57:21","guid":{"rendered":"https:\/\/kanotkungen.se\/sample-page\/"},"modified":"2023-07-06T11:44:19","modified_gmt":"2023-07-06T09:44:19","slug":"sample-page","status":"publish","type":"page","link":"https:\/\/dev.kanotkungen.se\/de\/","title":{"rendered":"Kanotkungen"},"content":{"rendered":"","protected":false},"excerpt":{"rendered":"","protected":false},"author":1,"featured_media":0,"parent":0,"menu_order":0,"comment_status":"closed","ping_status":"closed","template":"page-templates\/startsida.php","meta":{"_acf_changed":false,"_glsr_average":0,"_glsr_ranking":0,"_glsr_reviews":0,"footnotes":""},"acf":[],"yoast_head":"<!-- This site is optimized with the Yoast SEO plugin v23.2 - https:\/\/yoast.com\/wordpress\/plugins\/seo\/ -->\n<title>Kanotkungen - hyr kanot och kajak - \u00c4ventyret b\u00f6rjar h\u00e4r<\/title>\n<meta name=\"description\" content=\"Kanotkungen hyr ut kanoter och kajaker i S\u00f6rmlands vackra natur. Vi utg\u00e5r fr\u00e5n \u00c5kers Styckebruk, b\u00f6rjan av Kanotleden \u00c5ker till Vagnh\u00e4rad.\" \/>\n<meta name=\"robots\" content=\"index, follow, max-snippet:-1, max-image-preview:large, max-video-preview:-1\" \/>\n<link rel=\"canonical\" href=\"https:\/\/dev.kanotkungen.se\/de\/\" \/>\n<meta property=\"og:locale\" content=\"de_DE\" \/>\n<meta property=\"og:type\" content=\"article\" \/>\n<meta property=\"og:title\" content=\"Kanotkungen - hyr kanot och kajak - \u00c4ventyret b\u00f6rjar h\u00e4r\" \/>\n<meta property=\"og:description\" content=\"Kanotkungen hyr ut kanoter och kajaker i S\u00f6rmlands vackra natur. Vi utg\u00e5r fr\u00e5n \u00c5kers Styckebruk, b\u00f6rjan av Kanotleden \u00c5ker till Vagnh\u00e4rad.\" \/>\n<meta property=\"og:url\" content=\"https:\/\/dev.kanotkungen.se\/de\/\" \/>\n<meta property=\"og:site_name\" content=\"Kanotkungen\" \/>\n<meta property=\"article:modified_time\" content=\"2023-07-06T09:44:19+00:00\" \/>\n<meta name=\"twitter:card\" content=\"summary_large_image\" \/>\n<script type=\"application\/ld+json\" class=\"yoast-schema-graph\">{\"@context\":\"https:\/\/schema.org\",\"@graph\":[{\"@type\":\"WebPage\",\"@id\":\"https:\/\/dev.kanotkungen.se\/de\/\",\"url\":\"https:\/\/dev.kanotkungen.se\/de\/\",\"name\":\"Kanotkungen - hyr kanot och kajak - \u00c4ventyret b\u00f6rjar h\u00e4r\",\"isPartOf\":{\"@id\":\"https:\/\/dev.kanotkungen.se\/#website\"},\"datePublished\":\"2019-02-07T11:57:21+00:00\",\"dateModified\":\"2023-07-06T09:44:19+00:00\",\"description\":\"Kanotkungen hyr ut kanoter och kajaker i S\u00f6rmlands vackra natur. Vi utg\u00e5r fr\u00e5n \u00c5kers Styckebruk, b\u00f6rjan av Kanotleden \u00c5ker till Vagnh\u00e4rad.\",\"breadcrumb\":{\"@id\":\"https:\/\/dev.kanotkungen.se\/de\/#breadcrumb\"},\"inLanguage\":\"de\",\"potentialAction\":[{\"@type\":\"ReadAction\",\"target\":[\"https:\/\/dev.kanotkungen.se\/de\/\"]}]},{\"@type\":\"BreadcrumbList\",\"@id\":\"https:\/\/dev.kanotkungen.se\/de\/#breadcrumb\",\"itemListElement\":[{\"@type\":\"ListItem\",\"position\":1,\"name\":\"Home\",\"item\":\"https:\/\/dev.kanotkungen.se\/de\/\"},{\"@type\":\"ListItem\",\"position\":2,\"name\":\"Kanotkungen\"}]},{\"@type\":\"WebSite\",\"@id\":\"https:\/\/dev.kanotkungen.se\/#website\",\"url\":\"https:\/\/dev.kanotkungen.se\/\",\"name\":\"Kanotkungen\",\"description\":\"\u00c4ventyret b\u00f6rjar\",\"potentialAction\":[{\"@type\":\"SearchAction\",\"target\":{\"@type\":\"EntryPoint\",\"urlTemplate\":\"https:\/\/dev.kanotkungen.se\/?s={search_term_string}\"},\"query-input\":\"required name=search_term_string\"}],\"inLanguage\":\"de\"}]}<\/script>\n<!-- \/ Yoast SEO plugin. -->","yoast_head_json":{"title":"Kanotkungen - hyr kanot och kajak - \u00c4ventyret b\u00f6rjar h\u00e4r","description":"Kanotkungen hyr ut kanoter och kajaker i S\u00f6rmlands vackra natur. Vi utg\u00e5r fr\u00e5n \u00c5kers Styckebruk, b\u00f6rjan av Kanotleden \u00c5ker till Vagnh\u00e4rad.","robots":{"index":"index","follow":"follow","max-snippet":"max-snippet:-1","max-image-preview":"max-image-preview:large","max-video-preview":"max-video-preview:-1"},"canonical":"https:\/\/dev.kanotkungen.se\/de\/","og_locale":"de_DE","og_type":"article","og_title":"Kanotkungen - hyr kanot och kajak - \u00c4ventyret b\u00f6rjar h\u00e4r","og_description":"Kanotkungen hyr ut kanoter och kajaker i S\u00f6rmlands vackra natur. Vi utg\u00e5r fr\u00e5n \u00c5kers Styckebruk, b\u00f6rjan av Kanotleden \u00c5ker till Vagnh\u00e4rad.","og_url":"https:\/\/dev.kanotkungen.se\/de\/","og_site_name":"Kanotkungen","article_modified_time":"2023-07-06T09:44:19+00:00","twitter_card":"summary_large_image","schema":{"@context":"https:\/\/schema.org","@graph":[{"@type":"WebPage","@id":"https:\/\/dev.kanotkungen.se\/de\/","url":"https:\/\/dev.kanotkungen.se\/de\/","name":"Kanotkungen - hyr kanot och kajak - \u00c4ventyret b\u00f6rjar h\u00e4r","isPartOf":{"@id":"https:\/\/dev.kanotkungen.se\/#website"},"datePublished":"2019-02-07T11:57:21+00:00","dateModified":"2023-07-06T09:44:19+00:00","description":"Kanotkungen hyr ut kanoter och kajaker i S\u00f6rmlands vackra natur. Vi utg\u00e5r fr\u00e5n \u00c5kers Styckebruk, b\u00f6rjan av Kanotleden \u00c5ker till Vagnh\u00e4rad.","breadcrumb":{"@id":"https:\/\/dev.kanotkungen.se\/de\/#breadcrumb"},"inLanguage":"de","potentialAction":[{"@type":"ReadAction","target":["https:\/\/dev.kanotkungen.se\/de\/"]}]},{"@type":"BreadcrumbList","@id":"https:\/\/dev.kanotkungen.se\/de\/#breadcrumb","itemListElement":[{"@type":"ListItem","position":1,"name":"Home","item":"https:\/\/dev.kanotkungen.se\/de\/"},{"@type":"ListItem","position":2,"name":"Kanotkungen"}]},{"@type":"WebSite","@id":"https:\/\/dev.kanotkungen.se\/#website","url":"https:\/\/dev.kanotkungen.se\/","name":"Kanotkungen","description":"\u00c4ventyret b\u00f6rjar","potentialAction":[{"@type":"SearchAction","target":{"@type":"EntryPoint","urlTemplate":"https:\/\/dev.kanotkungen.se\/?s={search_term_string}"},"query-input":"required name=search_term_string"}],"inLanguage":"de"}]}},"_links":{"self":[{"href":"https:\/\/dev.kanotkungen.se\/de\/wp-json\/wp\/v2\/pages\/2182"}],"collection":[{"href":"https:\/\/dev.kanotkungen.se\/de\/wp-json\/wp\/v2\/pages"}],"about":[{"href":"https:\/\/dev.kanotkungen.se\/de\/wp-json\/wp\/v2\/types\/page"}],"author":[{"embeddable":true,"href":"https:\/\/dev.kanotkungen.se\/de\/wp-json\/wp\/v2\/users\/1"}],"replies":[{"embeddable":true,"href":"https:\/\/dev.kanotkungen.se\/de\/wp-json\/wp\/v2\/comments?post=2182"}],"version-history":[{"count":0,"href":"https:\/\/dev.kanotkungen.se\/de\/wp-json\/wp\/v2\/pages\/2182\/revisions"}],"wp:attachment":[{"href":"https:\/\/dev.kanotkungen.se\/de\/wp-json\/wp\/v2\/media?parent=2182"}],"curies":[{"name":"wp","href":"https:\/\/api.w.org\/{rel}","templated":true}]}}